{"id":1559,"date":"2024-06-24T12:15:48","date_gmt":"2024-06-24T11:15:48","guid":{"rendered":"https:\/\/www.secure-itad.com\/kontakt\/"},"modified":"2026-03-19T17:03:21","modified_gmt":"2026-03-19T17:03:21","slug":"kontakt","status":"publish","type":"page","link":"https:\/\/www.secure-itad.com\/de\/kontakt\/","title":{"rendered":"Kontakt"},"content":{"rendered":"\n\n\t<section class=\"section dark\" id=\"section_632919071\">\n\t\t<div class=\"section-bg fill\" >\n\t\t\t\t\t\t\t\t\t\n\t\t\t\n\n\t\t<\/div>\n\n\t\t\n\n\t\t<div class=\"section-content relative\">\n\t\t\t\n\n<div class=\"row\"  id=\"row-1214073455\">\n\n\n\t<div id=\"col-1117346287\" class=\"col medium-12 small-12 large-6\"  data-animate=\"bounceInUp\">\n\t\t\t\t<div class=\"col-inner\"  >\n\t\t\t\n\t\t\t\n\n<h1 class=\"ff-h fw-lt fs-xl mb--20\">Kontakt aufnehmen<\/h1>\n<h3 class=\"ff-h fw-lt fs-m mb--30\">Die Sicherheit Ihrer Daten ist nur einen Klick entfernt<\/h3>\n<p>Wenn Sie ein wettbewerbsf\u00e4higes Angebot w\u00fcnschen oder sich einfach \u00fcber unseren Service zur sicheren Entsorgung von IT-Assets informieren m\u00f6chten, f\u00fcllen Sie bitte das folgende Formular aus<\/p>\n\n\t\t<\/div>\n\t\t\t\t\t<\/div>\n\n\t\n\n\t<div id=\"col-853365629\" class=\"col medium-12 small-12 large-6\"  data-animate=\"fadeInRight\">\n\t\t\t\t<div class=\"col-inner\"  >\n\t\t\t\n\t\t\t\n\n\n<div class=\"wpcf7 no-js\" id=\"wpcf7-f1595-o1\" lang=\"de-DE\" dir=\"ltr\" data-wpcf7-id=\"1595\">\n<div class=\"screen-reader-response\"><p role=\"status\" aria-live=\"polite\" aria-atomic=\"true\"><\/p> <ul><\/ul><\/div>\n<form action=\"\/de\/wp-json\/wp\/v2\/pages\/1559#wpcf7-f1595-o1\" method=\"post\" class=\"wpcf7-form init\" aria-label=\"Kontaktformular\" novalidate=\"novalidate\" data-status=\"init\">\n<fieldset class=\"hidden-fields-container\"><input type=\"hidden\" name=\"_wpcf7\" value=\"1595\" \/><input type=\"hidden\" name=\"_wpcf7_version\" value=\"6.1.5\" \/><input type=\"hidden\" name=\"_wpcf7_locale\" value=\"de_DE\" \/><input type=\"hidden\" name=\"_wpcf7_unit_tag\" value=\"wpcf7-f1595-o1\" \/><input type=\"hidden\" name=\"_wpcf7_container_post\" value=\"0\" \/><input type=\"hidden\" name=\"_wpcf7_posted_data_hash\" value=\"\" \/><input type=\"hidden\" name=\"_wpcf7_recaptcha_response\" value=\"\" \/>\n<\/fieldset>\n<div id=\"rd-contact-form\">\n<label class=\"fs-s\">  Vorname\n    <span class=\"wpcf7-form-control-wrap\" data-name=\"your-name\"><input size=\"40\" maxlength=\"400\" class=\"wpcf7-form-control wpcf7-text wpcf7-validates-as-required\" autocomplete=\"name\" aria-required=\"true\" aria-invalid=\"false\" value=\"\" type=\"text\" name=\"your-name\" \/><\/span> <\/label>\n\n<label class=\"fs-s\">  E-Mail Adresse\n    <span class=\"wpcf7-form-control-wrap\" data-name=\"your-email\"><input size=\"40\" maxlength=\"400\" class=\"wpcf7-form-control wpcf7-email wpcf7-validates-as-required wpcf7-text wpcf7-validates-as-email\" autocomplete=\"email\" aria-required=\"true\" aria-invalid=\"false\" value=\"\" type=\"email\" name=\"your-email\" \/><\/span> <\/label>\n\n<label class=\"fs-s\">  Kontaktnummer <span class=\"fs-13\">(optional, nur wenn Sie m\u00f6chten, dass wir Ihre Angaben weiterverfolgen)<\/span>\n    <span class=\"wpcf7-form-control-wrap\" data-name=\"tel-408\"><input size=\"40\" maxlength=\"400\" class=\"wpcf7-form-control wpcf7-tel wpcf7-text wpcf7-validates-as-tel\" aria-invalid=\"false\" value=\"\" type=\"tel\" name=\"tel-408\" \/><\/span> <\/label>\n\n<label class=\"fs-s\">  Kurznachricht\n    <span class=\"wpcf7-form-control-wrap\" data-name=\"your-message\"><textarea cols=\"40\" rows=\"10\" maxlength=\"2000\" class=\"wpcf7-form-control wpcf7-textarea\" aria-invalid=\"false\" name=\"your-message\"><\/textarea><\/span> <\/label>\n\n<input class=\"wpcf7-form-control wpcf7-submit has-spinner\" type=\"submit\" value=\"Einreichen\" \/>\n<\/div><div class=\"wpcf7-response-output\" aria-hidden=\"true\"><\/div>\n<\/form>\n<\/div>\n\n\n\n\t\t<\/div>\n\t\t\t\t\t<\/div>\n\n\t\n\n<\/div>\n\n\t\t<\/div>\n\n\t\t\n<style>\n#section_632919071 {\n  padding-top: 50px;\n  padding-bottom: 50px;\n  background-color: rgb(0,0,0);\n}\n@media (min-width:850px) {\n  #section_632919071 {\n    padding-top: 100px;\n    padding-bottom: 100px;\n  }\n}\n<\/style>\n\t<\/section>\n\t\n\n","protected":false},"excerpt":{"rendered":"","protected":false},"author":1,"featured_media":0,"parent":0,"menu_order":0,"comment_status":"closed","ping_status":"closed","template":"page-blank.php","meta":{"footnotes":""},"class_list":["post-1559","page","type-page","status-publish","hentry"],"_links":{"self":[{"href":"https:\/\/www.secure-itad.com\/de\/wp-json\/wp\/v2\/pages\/1559","targetHints":{"allow":["GET"]}}],"collection":[{"href":"https:\/\/www.secure-itad.com\/de\/wp-json\/wp\/v2\/pages"}],"about":[{"href":"https:\/\/www.secure-itad.com\/de\/wp-json\/wp\/v2\/types\/page"}],"author":[{"embeddable":true,"href":"https:\/\/www.secure-itad.com\/de\/wp-json\/wp\/v2\/users\/1"}],"replies":[{"embeddable":true,"href":"https:\/\/www.secure-itad.com\/de\/wp-json\/wp\/v2\/comments?post=1559"}],"version-history":[{"count":6,"href":"https:\/\/www.secure-itad.com\/de\/wp-json\/wp\/v2\/pages\/1559\/revisions"}],"predecessor-version":[{"id":13343,"href":"https:\/\/www.secure-itad.com\/de\/wp-json\/wp\/v2\/pages\/1559\/revisions\/13343"}],"wp:attachment":[{"href":"https:\/\/www.secure-itad.com\/de\/wp-json\/wp\/v2\/media?parent=1559"}],"curies":[{"name":"wp","href":"https:\/\/api.w.org\/{rel}","templated":true}]}}