{"id":1610,"date":"2024-03-15T12:58:59","date_gmt":"2024-03-15T12:58:59","guid":{"rendered":"https:\/\/www.secure-itad.com\/wohltaetigkeitsarbeit\/"},"modified":"2026-04-11T19:09:20","modified_gmt":"2026-04-11T18:09:20","slug":"wohltaetigkeitsarbeit","status":"publish","type":"page","link":"https:\/\/www.secure-itad.com\/de\/wohltaetigkeitsarbeit\/","title":{"rendered":"Wohlt\u00e4tigkeitsarbeit"},"content":{"rendered":"\n\n\t<section class=\"section service-parent-bg dark\" id=\"section_1616179273\">\n\t\t<div class=\"section-bg fill\" >\n\t\t\t<img loading=\"lazy\" decoding=\"async\" width=\"2560\" height=\"1497\" src=\"https:\/\/www.secure-itad.com\/wp-content\/uploads\/2024\/03\/Charity-work-hero-scaled.jpg\" class=\"bg attachment- size-\" alt=\"Charity-work-hero\" \/>\t\t\t\t\t\t<div class=\"section-bg-overlay absolute fill\"><\/div>\n\t\t\t\n\n\t\t<\/div>\n\n\t\t\n\n\t\t<div class=\"section-content relative\">\n\t\t\t\n\n<div class=\"row row-collapse\"  id=\"row-1965687408\">\n\n\n\t<div id=\"col-25617031\" class=\"col small-12 large-12\"  data-animate=\"bounceInUp\">\n\t\t\t\t<div class=\"col-inner text-center\"  >\n\t\t\t\n\t\t\t\n\n\t<div id=\"text-2625288006\" class=\"text max--800\">\n\t\t\n\n<h1 class=\"thin-font\">Wohlt\u00e4tigkeitsarbeit<\/h1>\n<p>Secure ITAD ist sehr stolz darauf, diese wohlt\u00e4tigen Organisationen zu unterst\u00fctzen.<br>Wenn Sie weitere Informationen \u00fcber diese Organisationen w\u00fcnschen oder einen Beitrag leisten m\u00f6chten, wenden Sie sich bitte entweder direkt an sie oder senden Sie eine E-Mail an Penny unter <a href=\"mailto:penny@secureit-services.com\">penny@secure-itad.com<\/a><\/p>\n\t\t\n<style>\n#text-2625288006 {\n  text-align: center;\n}\n<\/style>\n\t<\/div>\n\t\n\n\n<div style=\"min-height:20vh;\" id=\"indicator\"><\/div>\n\n\n\t\t<\/div>\n\t\t\t\t\t<\/div>\n\n\t\n\n<\/div>\n\n\t\t<\/div>\n\n\t\t\n<style>\n#section_1616179273 {\n  padding-top: 30px;\n  padding-bottom: 30px;\n  min-height: 55vh;\n  background-color: rgb(0,0,0);\n}\n#section_1616179273 .section-bg-overlay {\n  background-color: rgba(0, 0, 0, 0.39);\n}\n#section_1616179273 .section-bg img {\n  object-position: 51% 100%;\n}\n@media (min-width:550px) {\n  #section_1616179273 {\n    min-height: 40vh;\n  }\n  #section_1616179273 .section-bg-overlay {\n    background-color: rgba(0, 0, 0, 0.39);\n  }\n}\n@media (min-width:850px) {\n  #section_1616179273 {\n    min-height: 65vh;\n  }\n  #section_1616179273 .section-bg-overlay {\n    background-color: rgba(0, 0, 0, 0.07);\n  }\n}\n<\/style>\n\t<\/section>\n\t\n\n\t<section class=\"section\" id=\"section_308444559\">\n\t\t<div class=\"section-bg fill\" >\n\t\t\t\t\t\t\t\t\t\n\t\t\t\n\n\t\t<\/div>\n\n\t\t\n\n\t\t<div class=\"section-content relative\">\n\t\t\t\n\n<div class=\"row align-middle\"  id=\"row-1259705886\">\n\n\n\t<div id=\"col-1103386468\" class=\"col medium-12 small-12 large-5\"  data-animate=\"blurIn\">\n\t\t\t\t<div class=\"col-inner\"  >\n\t\t\t\n\t\t\t\n\n\t<div id=\"text-2702779091\" class=\"text bullet-tick\">\n\t\t\n\n<h2 class=\"fs-m fw-lt mb--30\">Einzigartige Imelda<\/h2>\n<p>Charity Reg No: <span class=\"fw-md\">1164473<\/span><\/p>\n<p>Website: <span class=\"fw-md\"><a href=\"https:\/\/justgiving.com\/campaign\/uniqueimelda\" target=\"_blank\" rel=\"noopener nofollow\">justgiving.com\/kampagne\/uniqueimelda<\/a><\/span><\/p>\n<p>Wir stellen Ihnen die 6-j\u00e4hrige Imelda (Ime) vor, die aus Braintree in Essex stammt.<\/p>\n<p>In ihrem kurzen Leben hatte sie unz\u00e4hlige Krankenhausbesuche und Einweisungen. Sie wurde mit einer seltenen Chromosomenst\u00f6rung geboren. Wie Sie an diesem umwerfenden Smiley-Bild sehen k\u00f6nnen, ist Ime eine K\u00e4mpferin und l\u00e4sst sich nicht unterkriegen, egal, was man ihr entgegenwirft \ud83d\udc93.<\/p>\n<p>Just4Children, ihre Familie und Freunde, sammeln Geld, um Ime dringend ben\u00f6tigte Spezialbehandlungen und Therapien zu erm\u00f6glichen.<\/p>\n<p>Kontaktieren Sie ihre Mami Rachel unter <a class=\"no-underline fw-md\" href=\"tel:07941137175\">07941 137175<\/a> oder per E-Mail: <a class=\"no-underline fw-md\" href=\"mailto:rachelhub14@aol.com\">rachelhub14@aol.com<\/a><\/p>\n\t\t\t<\/div>\n\t\n\t<div id=\"gap-477528912\" class=\"gap-element clearfix\" style=\"display:block; height:auto;\">\n\t\t\n<style>\n#gap-477528912 {\n  padding-top: 20px;\n}\n@media (min-width:850px) {\n  #gap-477528912 {\n    padding-top: 30px;\n  }\n}\n<\/style>\n\t<\/div>\n\t\n\n\n\t\t<\/div>\n\t\t\t\t\n<style>\n#col-1103386468 > .col-inner {\n  margin: 0px 0px -60px 0px;\n}\n<\/style>\n\t<\/div>\n\n\t\n\n\t<div id=\"col-575249627\" class=\"col br--10 medium-12 small-12 large-7 medium-col-first\"  data-animate=\"fadeInRight\">\n\t\t\t\t<div class=\"col-inner\"  >\n\t\t\t\n\t\t\t\n\n\n  <div class=\"banner has-hover br--10\" id=\"banner-2117696045\">\n          <div class=\"banner-inner fill\">\n        <div class=\"banner-bg fill\" >\n            <img loading=\"lazy\" decoding=\"async\" width=\"1392\" height=\"900\" src=\"https:\/\/www.secure-itad.com\/wp-content\/uploads\/2024\/03\/Charity-work-A.jpg\" class=\"bg attachment-1536x1536 size-1536x1536\" alt=\"Charity-work-A\" \/>                                    \n                    <\/div>\n\t\t\n        <div class=\"banner-layers container\">\n            <div class=\"fill banner-link\"><\/div>            \n\n   <div id=\"text-box-526797217\" class=\"text-box banner-layer x50 md-x50 lg-x50 y50 md-y50 lg-y50 res-text\">\n                                <div class=\"text-box-content text dark\">\n              \n              <div class=\"text-inner text-center\">\n                  \n\n\n              <\/div>\n           <\/div>\n                            \n<style>\n#text-box-526797217 {\n  width: 60%;\n}\n#text-box-526797217 .text-box-content {\n  font-size: 100%;\n}\n@media (min-width:550px) {\n  #text-box-526797217 {\n    width: 60%;\n  }\n}\n<\/style>\n    <\/div>\n \n\n        <\/div>\n      <\/div>\n\n            \n<style>\n#banner-2117696045 {\n  padding-top: 56.25%;\n  background-color: rgba(255, 255, 255, 0);\n}\n#banner-2117696045 .banner-bg img {\n  object-position: 52% 57%;\n}\n@media (min-width:850px) {\n  #banner-2117696045 {\n    padding-top: 450px;\n  }\n}\n<\/style>\n  <\/div>\n\n\n\n\t\t<\/div>\n\t\t\t\t\t<\/div>\n\n\t\n\n<\/div>\n\n\t\t<\/div>\n\n\t\t\n<style>\n#section_308444559 {\n  padding-top: 50px;\n  padding-bottom: 50px;\n}\n@media (min-width:850px) {\n  #section_308444559 {\n    padding-top: 80px;\n    padding-bottom: 80px;\n  }\n}\n<\/style>\n\t<\/section>\n\t\n\n\t<section class=\"section\" id=\"section_1087478997\">\n\t\t<div class=\"section-bg fill\" >\n\t\t\t\t\t\t\t\t\t\n\t\t\t\n\n\t\t<\/div>\n\n\t\t\n\n\t\t<div class=\"section-content relative\">\n\t\t\t\n\n<div class=\"row align-middle\"  id=\"row-1022429888\">\n\n\n\t<div id=\"col-970117698\" class=\"col br--10 medium-12 small-12 large-7\"  data-animate=\"fadeInLeft\">\n\t\t\t\t<div class=\"col-inner\"  >\n\t\t\t\n\t\t\t\n\n\n  <div class=\"banner has-hover br--10\" id=\"banner-673483992\">\n          <div class=\"banner-inner fill\">\n        <div class=\"banner-bg fill\" >\n            <img loading=\"lazy\" decoding=\"async\" width=\"1392\" height=\"900\" src=\"https:\/\/www.secure-itad.com\/wp-content\/uploads\/2024\/03\/Charity-work-B.jpg\" class=\"bg attachment-1536x1536 size-1536x1536\" alt=\"Charity-work-B\" \/>                                    \n                    <\/div>\n\t\t\n        <div class=\"banner-layers container\">\n            <div class=\"fill banner-link\"><\/div>            \n\n   <div id=\"text-box-25270109\" class=\"text-box banner-layer x50 md-x50 lg-x50 y50 md-y50 lg-y50 res-text\">\n                                <div class=\"text-box-content text dark\">\n              \n              <div class=\"text-inner text-center\">\n                  \n\n\n              <\/div>\n           <\/div>\n                            \n<style>\n#text-box-25270109 {\n  width: 60%;\n}\n#text-box-25270109 .text-box-content {\n  font-size: 100%;\n}\n@media (min-width:550px) {\n  #text-box-25270109 {\n    width: 60%;\n  }\n}\n<\/style>\n    <\/div>\n \n\n        <\/div>\n      <\/div>\n\n            \n<style>\n#banner-673483992 {\n  padding-top: 56.25%;\n  background-color: rgba(255, 255, 255, 0);\n}\n#banner-673483992 .banner-bg img {\n  object-position: 50% 49%;\n}\n@media (min-width:850px) {\n  #banner-673483992 {\n    padding-top: 450px;\n  }\n}\n<\/style>\n  <\/div>\n\n\n\n\t\t<\/div>\n\t\t\t\t\t<\/div>\n\n\t\n\n\t<div id=\"col-1184566061\" class=\"col medium-12 small-12 large-5\"  data-animate=\"blurIn\">\n\t\t\t\t<div class=\"col-inner\"  >\n\t\t\t\n\t\t\t\n\n\t<div id=\"text-3631299496\" class=\"text bullet-tick\">\n\t\t\n\n<h3 class=\"fs-m fw-lt mb--30\">UK Aid &#8211; Hilfe f\u00fcr Kinder in der Ukraine und Moldawien<\/h3>\n<p>Wohlfahrtsverband Reg Nr: <span class=\"fw-md\">1099750<\/span><\/p>\n<p>Website: <a class=\"no-underline fw-md\" href=\"https:\/\/uk-aid.org\" target=\"_blank\" rel=\"noopener nofollow\">uk-aid.org<\/a><\/p>\n<p class=\"fw-md\">Kontaktieren Sie Alan unter <a href=\"tel:+441371238941\" class=\"no-underline\">01371 238941<\/a> oder <a href=\"tel:+447884426551\" class=\"no-underline\">07884 426551<\/a> \/ <a href=\"tel:+447979067268\" class=\"no-underline\">07979 067268<\/a><\/p>\n<p>E-Mail: <a href=\"mailto:felstedaid@hotmail.com\" class=\"no-underline fw-md\">felstedaid@hotmail.com<\/a><\/p>\n\t\t\t<\/div>\n\t\n\n\t\t<\/div>\n\t\t\t\t\n<style>\n#col-1184566061 > .col-inner {\n  margin: 0px 0px -60px 0px;\n}\n<\/style>\n\t<\/div>\n\n\t\n\n<\/div>\n\n\t\t<\/div>\n\n\t\t\n<style>\n#section_1087478997 {\n  padding-top: 50px;\n  padding-bottom: 50px;\n}\n<\/style>\n\t<\/section>\n\t\n\n\n\n<p><\/p>\n","protected":false},"excerpt":{"rendered":"","protected":false},"author":1,"featured_media":0,"parent":0,"menu_order":0,"comment_status":"closed","ping_status":"closed","template":"","meta":{"footnotes":""},"class_list":["post-1610","page","type-page","status-publish","hentry"],"_links":{"self":[{"href":"https:\/\/www.secure-itad.com\/de\/wp-json\/wp\/v2\/pages\/1610","targetHints":{"allow":["GET"]}}],"collection":[{"href":"https:\/\/www.secure-itad.com\/de\/wp-json\/wp\/v2\/pages"}],"about":[{"href":"https:\/\/www.secure-itad.com\/de\/wp-json\/wp\/v2\/types\/page"}],"author":[{"embeddable":true,"href":"https:\/\/www.secure-itad.com\/de\/wp-json\/wp\/v2\/users\/1"}],"replies":[{"embeddable":true,"href":"https:\/\/www.secure-itad.com\/de\/wp-json\/wp\/v2\/comments?post=1610"}],"version-history":[{"count":15,"href":"https:\/\/www.secure-itad.com\/de\/wp-json\/wp\/v2\/pages\/1610\/revisions"}],"predecessor-version":[{"id":9593,"href":"https:\/\/www.secure-itad.com\/de\/wp-json\/wp\/v2\/pages\/1610\/revisions\/9593"}],"wp:attachment":[{"href":"https:\/\/www.secure-itad.com\/de\/wp-json\/wp\/v2\/media?parent=1610"}],"curies":[{"name":"wp","href":"https:\/\/api.w.org\/{rel}","templated":true}]}}