{"id":1638,"date":"2024-04-18T14:08:07","date_gmt":"2024-04-18T13:08:07","guid":{"rendered":"https:\/\/www.secure-itad.com\/akkreditierungen\/"},"modified":"2024-12-13T16:30:03","modified_gmt":"2024-12-13T16:30:03","slug":"akkreditierungen","status":"publish","type":"page","link":"https:\/\/www.secure-itad.com\/de\/akkreditierungen\/","title":{"rendered":"Akkreditierungen"},"content":{"rendered":"\n\n\t<section class=\"section dark\" id=\"section_804630903\">\n\t\t<div class=\"section-bg fill\" >\n\t\t\t\t\t\t\t\t\t<div class=\"section-bg-overlay absolute fill\"><\/div>\n\t\t\t\n\n\t\t<\/div>\n\n\t\t\n\n\t\t<div class=\"section-content relative\">\n\t\t\t\n\n<div class=\"row align-middle\"  id=\"row-2050576562\">\n\n\n\t<div id=\"col-1884092260\" class=\"col medium-12 small-12 large-5\"  data-animate=\"fadeInUp\">\n\t\t\t\t<div class=\"col-inner text-left\"  >\n\t\t\t\n\t\t\t\n\n\t<div id=\"text-3591797390\" class=\"text\">\n\t\t\n\n<h1 class=\"fs-l fw-lt\">Akkreditierungen<\/h1>\n<p>Das meiste, was wir umschlagen, umfasst hochsensible, gef\u00e4hrliche oder wertvolle Materialien. Wir wissen, wie wichtig es ist, in allen Bereichen der Gesch\u00e4ftst\u00e4tigkeit ordnungsgem\u00e4\u00df gepr\u00fcft, reguliert und konform zu sein. Wir sind uns bewusst, dass unsere Kunden die Gewissheit brauchen, dass wir die Arbeit, f\u00fcr die wir beauftragt wurden, auch ausf\u00fchren k\u00f6nnen.<\/p>\n\t\t\n<style>\n#text-3591797390 {\n  text-align: left;\n}\n<\/style>\n\t<\/div>\n\t\n\t<div id=\"gap-199694097\" class=\"gap-element clearfix\" style=\"display:block; height:auto;\">\n\t\t\n<style>\n#gap-199694097 {\n  padding-top: 20px;\n}\n@media (min-width:850px) {\n  #gap-199694097 {\n    padding-top: 30px;\n  }\n}\n<\/style>\n\t<\/div>\n\t\n\n<div class=\"row\"  id=\"row-1591017673\">\n\n\n\t<div id=\"col-1901119717\" class=\"col small-12 large-12\"  >\n\t\t\t\t<div class=\"col-inner\" style=\"background-color:rgb(18, 18, 18);\" >\n\t\t\t\n\t\t\t\n\n\t<div id=\"text-3338309124\" class=\"text\">\n\t\t\n\n<h4 class=\"fs-s2 fw-rg ff-h\">Professionelle, vertrauensw\u00fcrdige IT-Entsorgung<\/h4>\n<p>Setzen Sie sich noch heute mit uns in Verbindung, um Ihre Daten zu vernichten<\/p>\n\t\t\n<style>\n#text-3338309124 {\n  text-align: left;\n}\n<\/style>\n\t<\/div>\n\t\n\t<div id=\"stack-3019729270\" class=\"stack stack-row justify-end items-stretch\">\n\t\t\n\n<a href=\"https:\/\/www.secure-itad.com\/de\/kontakt\/\" class=\"button white is-link\" >\n\t\t<span>Kontakt aufnehmen<\/span>\n\t<i class=\"icon-angle-right\" aria-hidden=\"true\"><\/i><\/a>\n\n\n\n\t\t\n<style>\n#stack-3019729270 > * {\n  --stack-gap: 0rem;\n}\n<\/style>\n\t<\/div>\n\t\n\n\t\t<\/div>\n\t\t\t\t\n<style>\n#col-1901119717 > .col-inner {\n  padding: 5% 5% 0% 5%;\n  margin: 0px 0px -5% 0px;\n  border-radius: 10px;\n}\n<\/style>\n\t<\/div>\n\n\t\n\n<\/div>\n\n\t\t<\/div>\n\t\t\t\t\t<\/div>\n\n\t\n\n\t<div id=\"col-1795790142\" class=\"col medium-12 small-12 large-7\"  data-animate=\"bounceInUp\">\n\t\t\t\t<div class=\"col-inner\"  >\n\t\t\t\n\t\t\t\n\n\n  <div class=\"banner has-hover br--10 of-h\" id=\"banner-1342957617\">\n          <div class=\"banner-inner fill\">\n        <div class=\"banner-bg fill\" >\n            <img loading=\"lazy\" decoding=\"async\" width=\"1392\" height=\"900\" src=\"https:\/\/www.secure-itad.com\/wp-content\/uploads\/2024\/03\/Person-with-computer-chip@2x.jpg\" class=\"bg attachment-2048x2048 size-2048x2048\" alt=\"Person-with-computer-chip@2x\" \/>                        <div class=\"overlay\"><\/div>            \n                    <\/div>\n\t\t\n        <div class=\"banner-layers container\">\n            <div class=\"fill banner-link\"><\/div>            \n\n   <div id=\"text-box-989080425\" class=\"text-box banner-layer x50 md-x50 lg-x50 y50 md-y50 lg-y50 res-text\">\n                                <div class=\"text-box-content text dark\">\n              \n              <div class=\"text-inner text-center\">\n                  \n\n\n              <\/div>\n           <\/div>\n                            \n<style>\n#text-box-989080425 {\n  width: 60%;\n}\n#text-box-989080425 .text-box-content {\n  font-size: 100%;\n}\n@media (min-width:550px) {\n  #text-box-989080425 {\n    width: 60%;\n  }\n}\n<\/style>\n    <\/div>\n \n\n        <\/div>\n      <\/div>\n\n            \n<style>\n#banner-1342957617 {\n  padding-top: 56.25%;\n}\n#banner-1342957617 .overlay {\n  background-color: rgba(0, 0, 0, 0.151);\n}\n#banner-1342957617 .banner-bg img {\n  object-position: 57% 33%;\n}\n@media (min-width:850px) {\n  #banner-1342957617 {\n    padding-top: 600px;\n  }\n}\n<\/style>\n  <\/div>\n\n\n\n\t\t<\/div>\n\t\t\t\t\n<style>\n#col-1795790142 > .col-inner {\n  margin: 0px 0px -20vh 0px;\n}\n@media (min-width:550px) {\n  #col-1795790142 > .col-inner {\n    margin: 0px 0px -15vmin 0px;\n  }\n}\n<\/style>\n\t<\/div>\n\n\t\n\n<\/div>\n\n\t\t<\/div>\n\n\t\t\n<style>\n#section_804630903 {\n  padding-top: 30px;\n  padding-bottom: 30px;\n  min-height: 50vmin;\n  background-color: #000000;\n}\n#section_804630903 .section-bg-overlay {\n  background-color: rgba(0, 0, 0, 0.209);\n}\n@media (min-width:550px) {\n  #section_804630903 {\n    padding-top: 50px;\n    padding-bottom: 50px;\n  }\n}\n<\/style>\n\t<\/section>\n\t\n\t<div id=\"gap-44763157\" class=\"gap-element clearfix\" style=\"display:block; height:auto;\">\n\t\t\n<style>\n#gap-44763157 {\n  padding-top: 15vh;\n}\n@media (min-width:550px) {\n  #gap-44763157 {\n    padding-top: 5vh;\n  }\n}\n@media (min-width:850px) {\n  #gap-44763157 {\n    padding-top: 5vmin;\n  }\n}\n<\/style>\n\t<\/div>\n\t\n\n\n\t<section class=\"section norm-top-p\" id=\"section_184937841\">\n\t\t<div class=\"section-bg fill\" >\n\t\t\t\t\t\t\t\t\t\n\t\t\t\n\n\t\t<\/div>\n\n\t\t\n\n\t\t<div class=\"section-content relative\">\n\t\t\t\n\n<div class=\"row align-middle\"  id=\"row-1330107436\">\n\n\n\t<div id=\"col-385071615\" class=\"col br--10 medium-12 small-12 large-7\"  data-animate=\"fadeInLeft\">\n\t\t\t\t<div class=\"col-inner\"  >\n\t\t\t\n\t\t\t\n\n\n  <div class=\"banner has-hover br--10 of-h\" id=\"banner-1087403610\">\n          <div class=\"banner-inner fill\">\n        <div class=\"banner-bg fill\" >\n            <img loading=\"lazy\" decoding=\"async\" width=\"1392\" height=\"1000\" src=\"https:\/\/www.secure-itad.com\/wp-content\/uploads\/2024\/03\/Tesam.jpg\" class=\"bg attachment-1536x1536 size-1536x1536\" alt=\"Team outside of HQ\" \/>                                    \n                    <\/div>\n\t\t\n        <div class=\"banner-layers container\">\n            <div class=\"fill banner-link\"><\/div>            \n\n   <div id=\"text-box-1796595004\" class=\"text-box banner-layer x50 md-x50 lg-x50 y50 md-y50 lg-y50 res-text\">\n                                <div class=\"text-box-content text dark\">\n              \n              <div class=\"text-inner text-center\">\n                  \n\n\n              <\/div>\n           <\/div>\n                            \n<style>\n#text-box-1796595004 {\n  width: 60%;\n}\n#text-box-1796595004 .text-box-content {\n  font-size: 100%;\n}\n@media (min-width:550px) {\n  #text-box-1796595004 {\n    width: 60%;\n  }\n}\n<\/style>\n    <\/div>\n \n\n        <\/div>\n      <\/div>\n\n            \n<style>\n#banner-1087403610 {\n  padding-top: 56.25%;\n  background-color: rgba(255, 255, 255, 0);\n}\n#banner-1087403610 .banner-bg img {\n  object-position: 50% 49%;\n}\n@media (min-width:850px) {\n  #banner-1087403610 {\n    padding-top: 450px;\n  }\n}\n<\/style>\n  <\/div>\n\n\n\n\t\t<\/div>\n\t\t\t\t\t<\/div>\n\n\t\n\n\t<div id=\"col-566038986\" class=\"col medium-12 small-12 large-5\"  data-animate=\"blurIn\">\n\t\t\t\t<div class=\"col-inner\"  >\n\t\t\t\n\t\t\t\n\n\t<div id=\"text-3387983092\" class=\"text bullet-tick\">\n\t\t\n\n<h3 class=\"fs-m fw-lt mb--30\">Vertrauensw\u00fcrdige Fachleute<\/h3>\n<p>Akkreditierungen, die wir derzeit besitzen:<\/p>\n<ul>\n<li>ISO 27001:2013 (Managementsystem f\u00fcr Informationssicherheit)<\/li>\n<li>Erf\u00fcllt die Anforderungen von Cyber Essentials<\/li>\n<li>ISO 14001:2015 (Umweltmanagementsystem)<\/li>\n<li>ISO 9001:2015 (Qualit\u00e4tsmanagement-System)<\/li>\n<li>Registrierter Abfalltransporteur, lizenziert von der Environment Agency<\/li>\n<li>Registriert unter der Abfallbefreiung T11, lizenziert von der Environment Agency<\/li>\n<li>Registriert unter der Abfallbefreiung S2, lizenziert von der Environment Agency<\/li>\n<li>Eingetragener Abfalltransporteur, lizenziert von der Northern Ireland Environment Agenc<\/li>\n<\/ul>\n\t\t\t<\/div>\n\t\n\n\t\t<\/div>\n\t\t\t\t\n<style>\n#col-566038986 > .col-inner {\n  margin: 0px 0px -60px 0px;\n}\n<\/style>\n\t<\/div>\n\n\t\n\n<\/div>\n\n\t\t<\/div>\n\n\t\t\n<style>\n#section_184937841 {\n  padding-top: 50px;\n  padding-bottom: 50px;\n}\n<\/style>\n\t<\/section>\n\t\n\n\t<section class=\"section\" id=\"section_1017436774\">\n\t\t<div class=\"section-bg fill\" >\n\t\t\t\t\t\t\t\t\t\n\t\t\t\n\n\t\t<\/div>\n\n\t\t\n\n\t\t<div class=\"section-content relative\">\n\t\t\t\n\n<div class=\"row\"  id=\"row-1641520270\">\n\n\n\t<div id=\"col-770158813\" class=\"col max--w-800 max--w-center small-12 large-12\"  >\n\t\t\t\t<div class=\"col-inner\"  >\n\t\t\t\n\t\t\t\n\n\t<div id=\"stack-1965647737\" class=\"stack stack-row justify-between items-center sm:stack-col\">\n\t\t\n\n\t<div class=\"img has-hover max--w-180 x md-x lg-x y md-y lg-y\" id=\"image_1913973616\">\n\t\t\t\t\t\t\t\t<div class=\"img-inner dark\" >\n\t\t\t<img loading=\"lazy\" decoding=\"async\" width=\"188\" height=\"96\" src=\"https:\/\/www.secure-itad.com\/wp-content\/uploads\/2024\/03\/Environment-Agency-logo@2x.jpg\" class=\"attachment-large size-large\" alt=\"Environment-Agency-logo@2x\" \/>\t\t\t\t\t\t\n\t\t\t\t\t<\/div>\n\t\t\t\t\t\t\t\t\n<style>\n#image_1913973616 {\n  width: 100%;\n}\n<\/style>\n\t<\/div>\n\t\n\n\t<div id=\"gap-1617338420\" class=\"gap-element clearfix show-for-small\" style=\"display:block; height:auto;\">\n\t\t\n<style>\n#gap-1617338420 {\n  padding-top: 20px;\n}\n@media (min-width:550px) {\n  #gap-1617338420 {\n    padding-top: 30px;\n  }\n}\n<\/style>\n\t<\/div>\n\t\n\n\t<div class=\"img has-hover max--w-180 x md-x lg-x y md-y lg-y\" id=\"image_1595602950\">\n\t\t\t\t\t\t\t\t<div class=\"img-inner dark\" >\n\t\t\t<img loading=\"lazy\" decoding=\"async\" width=\"354\" height=\"110\" src=\"https:\/\/www.secure-itad.com\/wp-content\/uploads\/2024\/03\/Group-381@2x.jpg\" class=\"attachment-large size-large\" alt=\"Group 381@2x\" srcset=\"https:\/\/www.secure-itad.com\/wp-content\/uploads\/2024\/03\/Group-381@2x.jpg 354w, https:\/\/www.secure-itad.com\/wp-content\/uploads\/2024\/03\/Group-381@2x-300x93.jpg 300w\" sizes=\"auto, (max-width: 354px) 100vw, 354px\" \/>\t\t\t\t\t\t\n\t\t\t\t\t<\/div>\n\t\t\t\t\t\t\t\t\n<style>\n#image_1595602950 {\n  width: 100%;\n}\n<\/style>\n\t<\/div>\n\t\n\n\t<div id=\"gap-570510147\" class=\"gap-element clearfix show-for-small\" style=\"display:block; height:auto;\">\n\t\t\n<style>\n#gap-570510147 {\n  padding-top: 20px;\n}\n@media (min-width:550px) {\n  #gap-570510147 {\n    padding-top: 30px;\n  }\n}\n<\/style>\n\t<\/div>\n\t\n\n\t<div class=\"img has-hover max--w-180 x md-x lg-x y md-y lg-y\" id=\"image_1339477865\">\n\t\t\t\t\t\t\t\t<div class=\"img-inner dark\" >\n\t\t\t<img loading=\"lazy\" decoding=\"async\" width=\"224\" height=\"66\" src=\"https:\/\/www.secure-itad.com\/wp-content\/uploads\/2024\/03\/NIEA@2x.jpg\" class=\"attachment-large size-large\" alt=\"NIEA\" \/>\t\t\t\t\t\t\n\t\t\t\t\t<\/div>\n\t\t\t\t\t\t\t\t\n<style>\n#image_1339477865 {\n  width: 100%;\n}\n<\/style>\n\t<\/div>\n\t\n\n\n\t\t\n<style>\n#stack-1965647737 > * {\n  --stack-gap: 0rem;\n}\n<\/style>\n\t<\/div>\n\t\n\n\t\t<\/div>\n\t\t\t\t\t<\/div>\n\n\t\n\n<\/div>\n\n\t\t<\/div>\n\n\t\t\n<style>\n#section_1017436774 {\n  padding-top: 30px;\n  padding-bottom: 30px;\n}\n<\/style>\n\t<\/section>\n\t\n\n\t<section class=\"section\" id=\"section_500602838\">\n\t\t<div class=\"section-bg fill\" >\n\t\t\t\t\t\t\t\t\t\n\t\t\t\n\n\t\t<\/div>\n\n\t\t\n\n\t\t<div class=\"section-content relative\">\n\t\t\t\n\n<div class=\"row\"  id=\"row-891800786\">\n\n\n\t<div id=\"col-771860460\" class=\"col small-12 large-12\"  >\n\t\t\t\t<div class=\"col-inner text-center\"  >\n\t\t\t\n\t\t\t\n\n<h3>Was unsere Kunden \u00fcber Secure ITAD sagen<\/h3>\n\n\t\t<\/div>\n\t\t\t\t\t<\/div>\n\n\t\n\n<\/div>\n<div class=\"row\"  id=\"row-1469127445\">\n\n\n\t<div id=\"col-183336598\" class=\"col medium-6 small-12 large-4\"  >\n\t\t\t\t<div class=\"col-inner\"  >\n\t\t\t\n\t\t\t\n\n\n\t\t<div class=\"icon-box featured-box icon-box-top text-left\"  >\n\t\t\t\t\t<div class=\"icon-box-img\" style=\"width: 163px\">\n\t\t\t\t<div class=\"icon\">\n\t\t\t\t\t<div class=\"icon-inner\" >\n\t\t\t\t\t\t<img loading=\"lazy\" decoding=\"async\" width=\"149\" height=\"25\" src=\"https:\/\/www.secure-itad.com\/wp-content\/uploads\/2024\/03\/5-Stars.svg\" class=\"attachment-medium size-medium\" alt=\"5 Stars\" \/>\t\t\t\t\t<\/div>\n\t\t\t\t<\/div>\n\t\t\t<\/div>\n\t\t\t\t<div class=\"icon-box-text last-reset\">\n\t\t\t\t\t\t\t\t\t\n\n\t<div id=\"text-3746327001\" class=\"text mb\">\n\t\t\n\n<p>\"Secure ITAD bietet uns immer einen effizienten und professionellen Service! Wir nutzen ihre Dienste seit \u00fcber 5 Jahren und werden dies auch weiterhin tun. Wir haben sie sogar schon einigen unserer Kunden empfohlen.<\/p>\n\t\t\n<style>\n#text-3746327001 {\n  text-align: left;\n}\n<\/style>\n\t<\/div>\n\t\n\t<div id=\"text-534699263\" class=\"text\">\n\t\t\n\n<p><strong>Unternehmensleiter, NCB Digital Morecambe<\/strong><\/p>\n\t\t\n<style>\n#text-534699263 {\n  text-align: left;\n}\n<\/style>\n\t<\/div>\n\t\n\n\t\t<\/div>\n\t<\/div>\n\t\n\t\n\n\t\t<\/div>\n\t\t\t\t\t<\/div>\n\n\t\n\n\t<div id=\"col-1790953050\" class=\"col medium-6 small-12 large-4\"  >\n\t\t\t\t<div class=\"col-inner\"  >\n\t\t\t\n\t\t\t\n\n\n\t\t<div class=\"icon-box featured-box icon-box-top text-left\"  >\n\t\t\t\t\t<div class=\"icon-box-img\" style=\"width: 163px\">\n\t\t\t\t<div class=\"icon\">\n\t\t\t\t\t<div class=\"icon-inner\" >\n\t\t\t\t\t\t<img loading=\"lazy\" decoding=\"async\" width=\"149\" height=\"25\" src=\"https:\/\/www.secure-itad.com\/wp-content\/uploads\/2024\/03\/5-Stars.svg\" class=\"attachment-medium size-medium\" alt=\"5 Stars\" \/>\t\t\t\t\t<\/div>\n\t\t\t\t<\/div>\n\t\t\t<\/div>\n\t\t\t\t<div class=\"icon-box-text last-reset\">\n\t\t\t\t\t\t\t\t\t\n\n\t<div id=\"text-3696801065\" class=\"text mb\">\n\t\t\n\n<p>\"Secure ITAD bietet ein hervorragendes Preis-Leistungs-Verh\u00e4ltnis und liefert Projekte p\u00fcnktlich und innerhalb des Budgets. Ich kann das Unternehmen ohne zu z\u00f6gern allen unseren Kunden f\u00fcr Aktenvernichtungs- und Entsorgungsdienste empfehlen\".<\/p>\n\t\t\n<style>\n#text-3696801065 {\n  text-align: left;\n}\n<\/style>\n\t<\/div>\n\t\n\t<div id=\"text-2261425529\" class=\"text\">\n\t\t\n\n<p><strong>Leiter des Dienstes, Londoner Rechenzentrum<\/strong><\/p>\n\t\t\n<style>\n#text-2261425529 {\n  text-align: left;\n}\n<\/style>\n\t<\/div>\n\t\n\n\t\t<\/div>\n\t<\/div>\n\t\n\t\n\n\t\t<\/div>\n\t\t\t\t\t<\/div>\n\n\t\n\n\t<div id=\"col-2032762671\" class=\"col medium-12 small-12 large-4\"  >\n\t\t\t\t<div class=\"col-inner\"  >\n\t\t\t\n\t\t\t\n\n\n\t\t<div class=\"icon-box featured-box icon-box-top text-left\"  >\n\t\t\t\t\t<div class=\"icon-box-img\" style=\"width: 163px\">\n\t\t\t\t<div class=\"icon\">\n\t\t\t\t\t<div class=\"icon-inner\" >\n\t\t\t\t\t\t<img loading=\"lazy\" decoding=\"async\" width=\"149\" height=\"25\" src=\"https:\/\/www.secure-itad.com\/wp-content\/uploads\/2024\/03\/5-Stars.svg\" class=\"attachment-medium size-medium\" alt=\"5 Stars\" \/>\t\t\t\t\t<\/div>\n\t\t\t\t<\/div>\n\t\t\t<\/div>\n\t\t\t\t<div class=\"icon-box-text last-reset\">\n\t\t\t\t\t\t\t\t\t\n\n\t<div id=\"text-3601537867\" class=\"text mb\">\n\t\t\n\n<p>\"Seit wir Secure ITAD nutzen, haben wir keinerlei Probleme mehr. Sie sind sehr freundlich und zuvorkommend, ob bei der Abholung au\u00dferhalb der Schulzeit oder au\u00dferhalb der \u00d6ffnungszeiten\".<\/p>\n\t\t\n<style>\n#text-3601537867 {\n  text-align: left;\n}\n<\/style>\n\t<\/div>\n\t\n\t<div id=\"text-1792556339\" class=\"text\">\n\t\t\n\n<p><strong>Technischer IT-Manager, Schule in South Essex<\/strong><\/p>\n\t\t\n<style>\n#text-1792556339 {\n  text-align: left;\n}\n<\/style>\n\t<\/div>\n\t\n\n\t\t<\/div>\n\t<\/div>\n\t\n\t\n\n\t\t<\/div>\n\t\t\t\t\t<\/div>\n\n\t\n\n<\/div>\n\n\t\t<\/div>\n\n\t\t\n<style>\n#section_500602838 {\n  padding-top: 100px;\n  padding-bottom: 100px;\n  background-color: rgb(250, 250, 250);\n}\n<\/style>\n\t<\/section>\n\t\n\n\n\t<section class=\"section\" id=\"section_559617705\">\n\t\t<div class=\"section-bg fill\" >\n\t\t\t\t\t\t\t\t\t\n\t\t\t\n\n\t\t<\/div>\n\n\t\t\n\n\t\t<div class=\"section-content relative\">\n\t\t\t\n\n<div class=\"row\"  id=\"row-690579838\">\n\n\n\t<div id=\"col-2625599\" class=\"col pb--0 small-12 large-12\"  >\n\t\t\t\t<div class=\"col-inner\"  >\n\t\t\t\n\t\t\t\n\n\t<div id=\"stack-3106222093\" class=\"stack stack-row justify-between items-stretch\">\n\t\t\n\n\t<div id=\"text-2360446018\" class=\"text\">\n\t\t\n\n<h4>Nachrichten und Informationen<\/h4>\n\t\t\t<\/div>\n\t\n\n\t\t\n<style>\n#stack-3106222093 > * {\n  --stack-gap: 0rem;\n}\n<\/style>\n\t<\/div>\n\t\n<div class=\"is-divider divider clearfix\" style=\"margin-top:1.5em;margin-bottom:1.5em;max-width:100%;height:1px;background-color:rgb(199, 199, 199);\"><\/div>\n\n\n\t\t<\/div>\n\t\t\t\t\t<\/div>\n\n\t\n\n\t<div id=\"col-2073253072\" class=\"col small-12 large-12\"  >\n\t\t\t\t<div class=\"col-inner\"  >\n\t\t\t\n\t\t\t\n\n\n\n\n    <div id=\"rd-news-grid\">\n\n    \n        <article class=\"grid-item\">\n            <div class=\"img-wrapper\">\n                <a href=\"https:\/\/www.secure-itad.com\/de\/chain-of-custody-bei-der-entsorgung-von-it-assets\/\">\n                    <div class=\"img-inner\">\n                        <img loading=\"lazy\" decoding=\"async\" src=\"https:\/\/www.secure-itad.com\/wp-content\/uploads\/2026\/03\/secure-itad-data-centre-decom.avif\" alt=\"Server rack with supercomputer hardware in big data center inside closeup\" height=\"100\" width=\"100\">\n                    <\/div>\n                <\/a>\n            <\/div>\n            <div class=\"grid-inner\">\n                <div class=\"cats-wrapper mb--10\">\n                                                                        <!-- <a class=\"button secondary is-smaller lowercase cat-btn mb--0\" href=\"\/category\/\"> -->\n                            <!-- <a class=\"button secondary is-smaller lowercase cat-btn mb--0\" href=\"\/category\/\"> -->\n<!--                             <a class=\"button secondary is-smaller lowercase cat-btn mb--0\"> -->\n<!--                                 <span><\/span> -->\n<!--                             <\/a> -->\n                                             \n                <\/div>\n                <p class=\"fw-md\"><a href=\"https:\/\/www.secure-itad.com\/de\/chain-of-custody-bei-der-entsorgung-von-it-assets\/\">Wie das KI-Wachstum die Erneuerung und Stilllegung von Rechenzentren ver\u00e4ndert<\/a><\/p>\n            <\/div>\n        <\/article>\n\n    \n        <article class=\"grid-item\">\n            <div class=\"img-wrapper\">\n                <a href=\"https:\/\/www.secure-itad.com\/de\/datenvernichtungsstandards-erklart\/\">\n                    <div class=\"img-inner\">\n                        <img loading=\"lazy\" decoding=\"async\" src=\"https:\/\/www.secure-itad.com\/wp-content\/uploads\/2024\/11\/20231208_114127-Large.jpeg\" alt=\"20231208_114127 Large\" height=\"100\" width=\"100\">\n                    <\/div>\n                <\/a>\n            <\/div>\n            <div class=\"grid-inner\">\n                <div class=\"cats-wrapper mb--10\">\n                                                                        <!-- <a class=\"button secondary is-smaller lowercase cat-btn mb--0\" href=\"\/category\/\"> -->\n                            <!-- <a class=\"button secondary is-smaller lowercase cat-btn mb--0\" href=\"\/category\/\"> -->\n<!--                             <a class=\"button secondary is-smaller lowercase cat-btn mb--0\"> -->\n<!--                                 <span><\/span> -->\n<!--                             <\/a> -->\n                                                    <!-- <a class=\"button secondary is-smaller lowercase cat-btn mb--0\" href=\"\/category\/\"> -->\n                            <!-- <a class=\"button secondary is-smaller lowercase cat-btn mb--0\" href=\"\/category\/\"> -->\n<!--                             <a class=\"button secondary is-smaller lowercase cat-btn mb--0\"> -->\n<!--                                 <span><\/span> -->\n<!--                             <\/a> -->\n                                             \n                <\/div>\n                <p class=\"fw-md\"><a href=\"https:\/\/www.secure-itad.com\/de\/datenvernichtungsstandards-erklart\/\">Datenvernichtungsstandards erkl\u00e4rt<\/a><\/p>\n            <\/div>\n        <\/article>\n\n    \n        <article class=\"grid-item\">\n            <div class=\"img-wrapper\">\n                <a href=\"https:\/\/www.secure-itad.com\/de\/sicheres-schreddern-von-ssds-und-festplatten-fur-unternehmen-2\/\">\n                    <div class=\"img-inner\">\n                        <img loading=\"lazy\" decoding=\"async\" src=\"https:\/\/www.secure-itad.com\/wp-content\/uploads\/2025\/09\/Secure-ITAD-Chain-of-Custody.avif\" alt=\"Secure ITAD Chain of Custody\" height=\"100\" width=\"100\">\n                    <\/div>\n                <\/a>\n            <\/div>\n            <div class=\"grid-inner\">\n                <div class=\"cats-wrapper mb--10\">\n                                                                        <!-- <a class=\"button secondary is-smaller lowercase cat-btn mb--0\" href=\"\/category\/\"> -->\n                            <!-- <a class=\"button secondary is-smaller lowercase cat-btn mb--0\" href=\"\/category\/\"> -->\n<!--                             <a class=\"button secondary is-smaller lowercase cat-btn mb--0\"> -->\n<!--                                 <span><\/span> -->\n<!--                             <\/a> -->\n                                             \n                <\/div>\n                <p class=\"fw-md\"><a href=\"https:\/\/www.secure-itad.com\/de\/sicheres-schreddern-von-ssds-und-festplatten-fur-unternehmen-2\/\">Chain of Custody bei der Entsorgung von IT-Assets<\/a><\/p>\n            <\/div>\n        <\/article>\n\n    \n        <article class=\"grid-item\">\n            <div class=\"img-wrapper\">\n                <a href=\"https:\/\/www.secure-itad.com\/de\/sicheres-schreddern-von-ssds-und-festplatten-fur-unternehmen\/\">\n                    <div class=\"img-inner\">\n                        <img loading=\"lazy\" decoding=\"async\" src=\"https:\/\/www.secure-itad.com\/wp-content\/uploads\/2025\/09\/harddrive-destruction.avif\" alt=\"harddrive destruction\" height=\"100\" width=\"100\">\n                    <\/div>\n                <\/a>\n            <\/div>\n            <div class=\"grid-inner\">\n                <div class=\"cats-wrapper mb--10\">\n                                                                        <!-- <a class=\"button secondary is-smaller lowercase cat-btn mb--0\" href=\"\/category\/\"> -->\n                            <!-- <a class=\"button secondary is-smaller lowercase cat-btn mb--0\" href=\"\/category\/\"> -->\n<!--                             <a class=\"button secondary is-smaller lowercase cat-btn mb--0\"> -->\n<!--                                 <span><\/span> -->\n<!--                             <\/a> -->\n                                             \n                <\/div>\n                <p class=\"fw-md\"><a href=\"https:\/\/www.secure-itad.com\/de\/sicheres-schreddern-von-ssds-und-festplatten-fur-unternehmen\/\">Wie Sie alte Festplatten und SSDs sicher entsorgen k\u00f6nnen<\/a><\/p>\n            <\/div>\n        <\/article>\n\n    \n        <article class=\"grid-item\">\n            <div class=\"img-wrapper\">\n                <a href=\"https:\/\/www.secure-itad.com\/de\/die-rolle-der-itad-bei-gdpr-und-dem-datenschutzgesetz-2018\/\">\n                    <div class=\"img-inner\">\n                        <img loading=\"lazy\" decoding=\"async\" src=\"https:\/\/www.secure-itad.com\/wp-content\/uploads\/2025\/02\/Data-Cemtre-Server-Room.avif\" alt=\"Data Cemtre Server Room\" height=\"100\" width=\"100\">\n                    <\/div>\n                <\/a>\n            <\/div>\n            <div class=\"grid-inner\">\n                <div class=\"cats-wrapper mb--10\">\n                                                                        <!-- <a class=\"button secondary is-smaller lowercase cat-btn mb--0\" href=\"\/category\/\"> -->\n                            <!-- <a class=\"button secondary is-smaller lowercase cat-btn mb--0\" href=\"\/category\/\"> -->\n<!--                             <a class=\"button secondary is-smaller lowercase cat-btn mb--0\"> -->\n<!--                                 <span><\/span> -->\n<!--                             <\/a> -->\n                                             \n                <\/div>\n                <p class=\"fw-md\"><a href=\"https:\/\/www.secure-itad.com\/de\/die-rolle-der-itad-bei-gdpr-und-dem-datenschutzgesetz-2018\/\">Die Rolle der ITAD bei GDPR und dem Datenschutzgesetz 2018<\/a><\/p>\n            <\/div>\n        <\/article>\n\n    \n    <\/div>\n\n\n\n\n\t\t<\/div>\n\t\t\t\t\t<\/div>\n\n\t\n\n<\/div>\n\n\t\t<\/div>\n\n\t\t\n<style>\n#section_559617705 {\n  padding-top: 50px;\n  padding-bottom: 50px;\n  background-color: rgb(240, 240, 240);\n}\n@media (min-width:850px) {\n  #section_559617705 {\n    padding-top: 80px;\n    padding-bottom: 80px;\n  }\n}\n<\/style>\n\t<\/section>\n\t\n\n\n","protected":false},"excerpt":{"rendered":"","protected":false},"author":1,"featured_media":0,"parent":0,"menu_order":5,"comment_status":"closed","ping_status":"closed","template":"page-blank.php","meta":{"footnotes":""},"class_list":["post-1638","page","type-page","status-publish","hentry"],"_links":{"self":[{"href":"https:\/\/www.secure-itad.com\/de\/wp-json\/wp\/v2\/pages\/1638","targetHints":{"allow":["GET"]}}],"collection":[{"href":"https:\/\/www.secure-itad.com\/de\/wp-json\/wp\/v2\/pages"}],"about":[{"href":"https:\/\/www.secure-itad.com\/de\/wp-json\/wp\/v2\/types\/page"}],"author":[{"embeddable":true,"href":"https:\/\/www.secure-itad.com\/de\/wp-json\/wp\/v2\/users\/1"}],"replies":[{"embeddable":true,"href":"https:\/\/www.secure-itad.com\/de\/wp-json\/wp\/v2\/comments?post=1638"}],"version-history":[{"count":5,"href":"https:\/\/www.secure-itad.com\/de\/wp-json\/wp\/v2\/pages\/1638\/revisions"}],"predecessor-version":[{"id":4149,"href":"https:\/\/www.secure-itad.com\/de\/wp-json\/wp\/v2\/pages\/1638\/revisions\/4149"}],"wp:attachment":[{"href":"https:\/\/www.secure-itad.com\/de\/wp-json\/wp\/v2\/media?parent=1638"}],"curies":[{"name":"wp","href":"https:\/\/api.w.org\/{rel}","templated":true}]}}