{"id":2933,"date":"2024-08-09T09:22:41","date_gmt":"2024-08-09T08:22:41","guid":{"rendered":"https:\/\/www.secure-itad.com\/?page_id=2933"},"modified":"2026-04-13T01:34:50","modified_gmt":"2026-04-13T00:34:50","slug":"buroschliesungen","status":"publish","type":"page","link":"https:\/\/www.secure-itad.com\/de\/buroschliesungen\/","title":{"rendered":"Begriffe"},"content":{"rendered":"\n\t<div id=\"gap-686623720\" class=\"gap-element clearfix\" style=\"display:block; height:auto;\">\n\t\t\n<style>\n#gap-686623720 {\n  padding-top: 15vh;\n}\n@media (min-width:550px) {\n  #gap-686623720 {\n    padding-top: 8vh;\n  }\n}\n<\/style>\n\t<\/div>\n\t\n\n\n\t<section class=\"section\" id=\"section_1209106513\">\n\t\t<div class=\"section-bg fill\" >\n\t\t\t\t\t\t\t\t\t\n\t\t\t\n\n\t\t<\/div>\n\n\t\t\n\n\t\t<div class=\"section-content relative\">\n\t\t\t\n\n<div class=\"row\"  id=\"row-1561595608\">\n\n\n\t<div id=\"col-1370461575\" class=\"col small-12 large-12\"  >\n\t\t\t\t<div class=\"col-inner\"  >\n\t\t\t\n\t\t\t\n\n<h1 class=\"fs-m fw-lt\">Bedingungen und Konditionen<\/h1>\n<p><strong>1. Einf\u00fchrung<\/strong><\/p>\n<p>Willkommen bei SecureITAD. Indem Sie auf unsere Website zugreifen und sie nutzen, erkl\u00e4ren Sie sich mit den folgenden Bedingungen einverstanden und sind an sie gebunden. <\/p>\n<p><strong>2. Dienstleistungen<\/strong><br>SecureITAD ist auf die Vernichtung von Daten und Hardware sowie die Entsorgung von IT-Assets spezialisiert. Wir gew\u00e4hrleisten die Einhaltung aller relevanten Vorschriften und Standards, einschlie\u00dflich ISO 9001, ISO 14001 und ISO 27001. <\/p>\n<p><strong>3. Nutzung der Website<\/strong><br>Sie verpflichten sich, unsere Website nur f\u00fcr rechtm\u00e4\u00dfige Zwecke zu nutzen. Jede unerlaubte Nutzung der Website kann zu Schadensersatzanspr\u00fcchen f\u00fchren und\/oder eine Straftat darstellen. <\/p>\n<p><strong>4. Geistiges Eigentum<\/strong><br>Der gesamte Inhalt dieser Website, einschlie\u00dflich Text, Grafiken, Logos und Bilder, ist Eigentum von SecureITAD oder seinen Inhaltslieferanten und ist durch Gesetze zum Schutz des geistigen Eigentums gesch\u00fctzt. Sie d\u00fcrfen keine Inhalte ohne ausdr\u00fcckliche schriftliche Genehmigung reproduzieren, duplizieren oder verwerten. <\/p>\n<p><strong>5. Datenschutz<\/strong><br>Ihre Nutzung der Website unterliegt auch unserer Datenschutzrichtlinie, <a href=\"https:\/\/www.secure-itad.com\/de\/begriffe\/\">die Sie hier einsehen k\u00f6nnen.<\/a><\/p>\n<p><strong>6. Haftungsbeschr\u00e4nkung<\/strong><br>SecureITAD haftet nicht f\u00fcr indirekte oder Folgesch\u00e4den, die sich aus oder in Verbindung mit der Nutzung dieser Website ergeben.<\/p>\n<p><strong>7. \u00c4nderungen der Gesch\u00e4ftsbedingungen<\/strong><br>SecureITAD beh\u00e4lt sich das Recht vor, diese Gesch\u00e4ftsbedingungen jederzeit zu \u00e4ndern. Alle \u00c4nderungen werden auf dieser Seite ver\u00f6ffentlicht, und Ihre weitere Nutzung der Website bedeutet, dass Sie die aktualisierten Bedingungen akzeptieren. <\/p>\n<p><strong>8. Geltendes Recht<\/strong><br>Diese Bedingungen unterliegen den Gesetzen von England und Wales und werden entsprechend ausgelegt. Alle Streitigkeiten, die sich aus oder in Verbindung mit diesen Bedingungen ergeben, unterliegen der ausschlie\u00dflichen Zust\u00e4ndigkeit der Gerichte von England und Wales. <\/p>\n<p><em>Bei Fragen oder f\u00fcr weitere Informationen kontaktieren Sie uns bitte unter info@secure-itad.com.<\/em><\/p>\n\n\t\t<\/div>\n\t\t\t\t\t<\/div>\n\n\t\n\n<\/div>\n\n\t\t<\/div>\n\n\t\t\n<style>\n#section_1209106513 {\n  padding-top: 30px;\n  padding-bottom: 30px;\n}\n<\/style>\n\t<\/section>\n\t\n\n<p><\/p>\n","protected":false},"excerpt":{"rendered":"","protected":false},"author":1,"featured_media":359,"parent":0,"menu_order":0,"comment_status":"closed","ping_status":"closed","template":"","meta":{"footnotes":""},"class_list":["post-2933","page","type-page","status-publish","has-post-thumbnail","hentry"],"_links":{"self":[{"href":"https:\/\/www.secure-itad.com\/de\/wp-json\/wp\/v2\/pages\/2933","targetHints":{"allow":["GET"]}}],"collection":[{"href":"https:\/\/www.secure-itad.com\/de\/wp-json\/wp\/v2\/pages"}],"about":[{"href":"https:\/\/www.secure-itad.com\/de\/wp-json\/wp\/v2\/types\/page"}],"author":[{"embeddable":true,"href":"https:\/\/www.secure-itad.com\/de\/wp-json\/wp\/v2\/users\/1"}],"replies":[{"embeddable":true,"href":"https:\/\/www.secure-itad.com\/de\/wp-json\/wp\/v2\/comments?post=2933"}],"version-history":[{"count":13,"href":"https:\/\/www.secure-itad.com\/de\/wp-json\/wp\/v2\/pages\/2933\/revisions"}],"predecessor-version":[{"id":13673,"href":"https:\/\/www.secure-itad.com\/de\/wp-json\/wp\/v2\/pages\/2933\/revisions\/13673"}],"wp:featuredmedia":[{"embeddable":true,"href":"https:\/\/www.secure-itad.com\/de\/wp-json\/wp\/v2\/media\/359"}],"wp:attachment":[{"href":"https:\/\/www.secure-itad.com\/de\/wp-json\/wp\/v2\/media?parent=2933"}],"curies":[{"name":"wp","href":"https:\/\/api.w.org\/{rel}","templated":true}]}}