{"id":1656,"date":"2024-07-10T09:56:50","date_gmt":"2024-07-10T08:56:50","guid":{"rendered":"https:\/\/www.secure-itad.com\/destruccion-de-soportes-de-datos\/"},"modified":"2025-05-02T17:16:42","modified_gmt":"2025-05-02T16:16:42","slug":"destruccion-de-soportes-de-datos","status":"publish","type":"page","link":"https:\/\/www.secure-itad.com\/es\/destruccion-de-soportes-de-datos\/","title":{"rendered":"Destrucci\u00f3n de soportes de datos"},"content":{"rendered":"\n\n\t<section class=\"section\" id=\"section_1357116453\">\n\t\t<div class=\"section-bg fill\" >\n\t\t\t\t\t\t\t\t\t\n\t\t\t\n\n\t\t<\/div>\n\n\t\t\n\n\t\t<div class=\"section-content relative\">\n\t\t\t\n\n\n\n\n<section class=\"section cus-slides dark child-page-nav-sec\" style=\"background-color: #000; padding: 0;\">\n    <div class=\"bg section-bg fill bg-fill bg-loaded bg-loaded\"><\/div>\n    <div class=\"section-content relative\">\n        <div class=\"row row-collapse row-full-width cus-slider2\">\n            <div id=\"col-63900430\" class=\"col small-12 large-12\">\n                <div class=\"col-inner\">\n                    <div class=\"nav-wrapper\">\n                        <ul class=\"nav sub-pages-nav nav-uppercase nav-horizontal nav-size-large nav-line-bottom text-right nav-right\">\n                                                    <\/ul>\n                    <\/div>\n                <\/div>\n            <\/div>\n        <\/div>\n    <\/div>\n<\/section>\n\n\n\t\t<\/div>\n\n\t\t\n<style>\n#section_1357116453 {\n  padding-top: 0px;\n  padding-bottom: 0px;\n}\n<\/style>\n\t<\/section>\n\t\n\n\t<section class=\"section dark\" id=\"section_1048556859\">\n\t\t<div class=\"section-bg fill\" >\n\t\t\t\t\t\t\t\t\t<div class=\"section-bg-overlay absolute fill\"><\/div>\n\t\t\t\n\n\t\t<\/div>\n\n\t\t\n\n\t\t<div class=\"section-content relative\">\n\t\t\t\n\n<div class=\"row\"  id=\"row-1325481314\">\n\n\n\t<div id=\"col-1815169616\" class=\"col medium-12 small-12 large-5\"  data-animate=\"fadeInUp\">\n\t\t\t\t<div class=\"col-inner text-left\"  >\n\t\t\t\n\t\t\t\n\n\t<div id=\"text-124182978\" class=\"text\">\n\t\t\n\n<h1 class=\"fs-l fw-lt\">Data Media Shredding<\/h1>\n<p><strong>Secure ITAD\u2019s<\/strong> data media shredding services represent the forefront of secure data destruction.<\/p>\n<p>By integrating advanced shredding technology, adherence to global compliance standards, and a commitment to environmental sustainability, we offer a service that not only protects sensitive information but also supports our clients&#8217; corporate responsibility goals.<\/p>\n<p>For organisations looking to secure their legacy data and comply with legal obligations, <strong>Secure ITAD<\/strong> provides a trusted, professional, and environmentally conscious choice.<\/p>\n\t\t\n<style>\n#text-124182978 {\n  text-align: left;\n}\n<\/style>\n\t<\/div>\n\t\n\t<div id=\"gap-708050076\" class=\"gap-element clearfix\" style=\"display:block; height:auto;\">\n\t\t\n<style>\n#gap-708050076 {\n  padding-top: 20px;\n}\n@media (min-width:850px) {\n  #gap-708050076 {\n    padding-top: 30px;\n  }\n}\n<\/style>\n\t<\/div>\n\t\n\n<div class=\"row\"  id=\"row-1814225526\">\n\n\n\t<div id=\"col-402568857\" class=\"col small-12 large-12\"  >\n\t\t\t\t<div class=\"col-inner\" style=\"background-color:rgb(18, 18, 18);\" >\n\t\t\t\n\t\t\t\n\n\t<div id=\"text-2069353789\" class=\"text\">\n\t\t\n\n<h4 class=\"fs-s2 fw-rg ff-h\">Professional, trusted IT Asset Disposal<\/h4>\n<p>Get in touch with us today to secure your data disposal<\/p>\n\t\t\n<style>\n#text-2069353789 {\n  text-align: left;\n}\n<\/style>\n\t<\/div>\n\t\n\t<div id=\"stack-2443322312\" class=\"stack stack-row justify-end items-stretch\">\n\t\t\n\n<a href=\"\/contact\/\" class=\"button white is-link\" >\n\t\t<span>Get in touch<\/span>\n\t<i class=\"icon-angle-right\" aria-hidden=\"true\"><\/i><\/a>\n\n\n\n\t\t\n<style>\n#stack-2443322312 > * {\n  --stack-gap: 0rem;\n}\n<\/style>\n\t<\/div>\n\t\n\n\t\t<\/div>\n\t\t\t\t\n<style>\n#col-402568857 > .col-inner {\n  padding: 5% 5% 0% 5%;\n  margin: 0px 0px -5% 0px;\n  border-radius: 10px;\n}\n<\/style>\n\t<\/div>\n\n\t\n\n<\/div>\n\n\t\t<\/div>\n\t\t\t\t\t<\/div>\n\n\t\n\n\t<div id=\"col-175259415\" class=\"col hide-for-medium medium-12 small-12 large-7\"  data-animate=\"bounceInUp\">\n\t\t\t\t<div class=\"col-inner\"  >\n\t\t\t\n\t\t\t\n\n\n  <div class=\"banner has-hover br--10 of-h\" id=\"banner-2115046482\">\n          <div class=\"banner-inner fill\">\n        <div class=\"banner-bg fill\" >\n            <img loading=\"lazy\" decoding=\"async\" width=\"2048\" height=\"1156\" src=\"https:\/\/www.secure-itad.com\/wp-content\/uploads\/2024\/07\/Shredder_Below-2048x1156.jpg\" class=\"bg attachment-2048x2048 size-2048x2048\" alt=\"Shredder_Below\" \/>                        <div class=\"overlay\"><\/div>            \n                    <\/div>\n\t\t\n        <div class=\"banner-layers container\">\n            <div class=\"fill banner-link\"><\/div>            \n\n   <div id=\"text-box-55863978\" class=\"text-box banner-layer x50 md-x50 lg-x50 y50 md-y50 lg-y50 res-text\">\n                                <div class=\"text-box-content text dark\">\n              \n              <div class=\"text-inner text-center\">\n                  \n\n\n              <\/div>\n           <\/div>\n                            \n<style>\n#text-box-55863978 {\n  width: 60%;\n}\n#text-box-55863978 .text-box-content {\n  font-size: 100%;\n}\n@media (min-width:550px) {\n  #text-box-55863978 {\n    width: 60%;\n  }\n}\n<\/style>\n    <\/div>\n \n\n        <\/div>\n      <\/div>\n\n            \n<style>\n#banner-2115046482 {\n  padding-top: 56.25%;\n}\n#banner-2115046482 .overlay {\n  background-color: rgba(0, 0, 0, 0.151);\n}\n#banner-2115046482 .banner-bg img {\n  object-position: 57% 33%;\n}\n@media (min-width:850px) {\n  #banner-2115046482 {\n    padding-top: 600px;\n  }\n}\n<\/style>\n  <\/div>\n\n\n\n\t\t<\/div>\n\t\t\t\t\n<style>\n#col-175259415 > .col-inner {\n  margin: 0px 0px -20vh 0px;\n}\n<\/style>\n\t<\/div>\n\n\t\n\n<\/div>\n\n\t\t<\/div>\n\n\t\t\n<style>\n#section_1048556859 {\n  padding-top: 30px;\n  padding-bottom: 30px;\n  background-color: #000000;\n}\n#section_1048556859 .section-bg-overlay {\n  background-color: rgba(0, 0, 0, 0.209);\n}\n@media (min-width:550px) {\n  #section_1048556859 {\n    padding-top: 50px;\n    padding-bottom: 50px;\n  }\n}\n<\/style>\n\t<\/section>\n\t\n\n\t<section class=\"section norm-p\" id=\"section_325477058\">\n\t\t<div class=\"section-bg fill\" >\n\t\t\t\t\t\t\t\t\t\n\t\t\t\n\n\t\t<\/div>\n\n\t\t\n\n\t\t<div class=\"section-content relative\">\n\t\t\t\n\n<div class=\"row\"  id=\"row-535250698\">\n\n\n\t<div id=\"col-1516701449\" class=\"col small-12 large-12\"  >\n\t\t\t\t<div class=\"col-inner\"  >\n\t\t\t\n\t\t\t\n\n<h3 class=\"fs-m fw-lt mb--0\">Our Approach <\/h3>\n\n\t\t<\/div>\n\t\t\t\t\t<\/div>\n\n\t\n\n\t<div id=\"col-1104638377\" class=\"col medium-6 small-12 large-6\"  >\n\t\t\t\t<div class=\"col-inner\"  >\n\t\t\t\n\t\t\t\n\n\t<div id=\"text-3537711942\" class=\"text bullet-tick\">\n\t\t\n\n<p>Our tailored solutions cater to businesses across sectors, ensuring that sensitive information on redundant or obsolete data media is destroyed beyond recovery, thus safeguarding against data breaches and maintaining compliance with stringent regulatory standards.<\/p>\n<p class=\"mt--20 fw-sb\">Advanced Data Destruction Techniques<\/p>\n<p><strong>Secure ITAD<\/strong> utilises state-of-the-art shredding technology to physically destroy data media such as hard drives, SSDs, CDs, DVDs, and USBs.<\/p>\n<p>Our shredding process is designed to meet internationally recognised standards, including those set by the National Institute of Standards and Technology (NIST) and the Department of Defence (DoD).<\/p>\n<p>By reducing data media to tiny fragments, we ensure that the information they contain is completely irretrievable.<\/p>\n<p class=\"mt--20 fw-sb\">Compliance with Global Standards<\/p>\n<p>Our data media shredding services are not only focused on security but also on ensuring compliance.<\/p>\n<p>We help our clients navigate the complexities of laws and regulations such as the GDPR, HIPAA, and the UK Data Protection Act.<\/p>\n<p><strong>Secure ITAD<\/strong> provides all clients with certificates of destruction, which serve as proof of compliance with relevant data protection laws and can be crucial during audits.<\/p>\n\t\t\t<\/div>\n\t\n\t<div id=\"gap-217514171\" class=\"gap-element clearfix\" style=\"display:block; height:auto;\">\n\t\t\n<style>\n#gap-217514171 {\n  padding-top: 15px;\n}\n<\/style>\n\t<\/div>\n\t\n\n\t<div id=\"gap-1297106846\" class=\"gap-element clearfix\" style=\"display:block; height:auto;\">\n\t\t\n<style>\n#gap-1297106846 {\n  padding-top: 15px;\n}\n<\/style>\n\t<\/div>\n\t\n\n\n\t\t<\/div>\n\t\t\t\t\t<\/div>\n\n\t\n\n\t<div id=\"col-2115125877\" class=\"col medium-6 small-12 large-6\"  >\n\t\t\t\t<div class=\"col-inner\" style=\"background-color:rgb(250, 250, 250);\" >\n\t\t\t\n\t\t\t\n\n\t<div id=\"text-3991134943\" class=\"text bullet-tick\">\n\t\t\n\n<p class=\"mt--20 fw-sb\">Environmental Responsibility<\/p>\n<p>At <strong>Secure ITAD<\/strong>, we are deeply committed to environmental stewardship.<\/p>\n<p>The shredded materials are carefully sorted and recycled in accordance with the WEEE Directive and other environmental best practices.<\/p>\n<p>This approach not only helps in reducing electronic waste but also supports the circular economy, promoting the reuse of valuable materials extracted from shredded data media.<\/p>\n<p class=\"mt--20 fw-sb\">Tailored Services for Diverse Needs<\/p>\n<p>Recognising that each organisation has specific data destruction needs, <strong>Secure ITAD<\/strong> offers customisable shredding solutions.<\/p>\n<p>Whether you require on-site shredding for maximum security or prefer the convenience of off-site shredding at our secure facilities, we can accommodate your needs.<\/p>\n<p>Our flexible services are designed to minimise disruption to your daily operations while maximising the security and efficiency of the data destruction process.<\/p>\n<p class=\"mt--20 fw-sb\">Commitment to Customer Satisfaction<\/p>\n<p><strong>Secure ITAD<\/strong> prides itself on exceptional customer service. From the initial consultation to the final destruction process, our team of experts ensures a seamless and transparent experience.<\/p>\n<p>We are dedicated to providing peace of mind to our clients, knowing that their data media is handled securely and in compliance with all applicable regulations.<\/p>\n\t\t\t<\/div>\n\t\n\t<div id=\"gap-346798061\" class=\"gap-element clearfix\" style=\"display:block; height:auto;\">\n\t\t\n<style>\n#gap-346798061 {\n  padding-top: 15px;\n}\n<\/style>\n\t<\/div>\n\t\n\n\n\t\t<\/div>\n\t\t\t\t\n<style>\n#col-2115125877 > .col-inner {\n  padding: 15px 30px 30px 30px;\n  border-radius: 12px;\n}\n<\/style>\n\t<\/div>\n\n\t\n\n<\/div>\n\n\t\t<\/div>\n\n\t\t\n<style>\n#section_325477058 {\n  padding-top: 30px;\n  padding-bottom: 30px;\n}\n<\/style>\n\t<\/section>\n\t\n\n\t<section class=\"section\" id=\"section_1298806152\">\n\t\t<div class=\"section-bg fill\" >\n\t\t\t\t\t\t\t\t\t\n\t\t\t\n\n\t\t<\/div>\n\n\t\t\n\n\t\t<div class=\"section-content relative\">\n\t\t\t\n\n<div class=\"row\"  id=\"row-1580716752\">\n\n\n\t<div id=\"col-2111186926\" class=\"col small-12 large-12\"  >\n\t\t\t\t<div class=\"col-inner text-center\"  >\n\t\t\t\n\t\t\t\n\n<h3>Qu\u00e9 dicen nuestros clientes de Secure ITAD<\/h3>\n\n\t\t<\/div>\n\t\t\t\t\t<\/div>\n\n\t\n\n<\/div>\n<div class=\"row\"  id=\"row-290363030\">\n\n\n\t<div id=\"col-1340123426\" class=\"col medium-6 small-12 large-4\"  >\n\t\t\t\t<div class=\"col-inner\"  >\n\t\t\t\n\t\t\t\n\n\n\t\t<div class=\"icon-box featured-box icon-box-top text-left\"  >\n\t\t\t\t\t<div class=\"icon-box-img\" style=\"width: 163px\">\n\t\t\t\t<div class=\"icon\">\n\t\t\t\t\t<div class=\"icon-inner\" >\n\t\t\t\t\t\t<img loading=\"lazy\" decoding=\"async\" width=\"149\" height=\"25\" src=\"https:\/\/www.secure-itad.com\/wp-content\/uploads\/2024\/03\/5-Stars.svg\" class=\"attachment-medium size-medium\" alt=\"5 Stars\" \/>\t\t\t\t\t<\/div>\n\t\t\t\t<\/div>\n\t\t\t<\/div>\n\t\t\t\t<div class=\"icon-box-text last-reset\">\n\t\t\t\t\t\t\t\t\t\n\n\t<div id=\"text-2354383549\" class=\"text mb\">\n\t\t\n\n<p>\"\u00a1Secure ITAD siempre nos proporciona un servicio eficaz y profesional! Llevamos m\u00e1s de 5 a\u00f1os utilizando sus servicios y seguiremos haci\u00e9ndolo. Incluso los hemos recomendado a algunos de nuestros clientes\".<\/p>\n\t\t\n<style>\n#text-2354383549 {\n  text-align: left;\n}\n<\/style>\n\t<\/div>\n\t\n\t<div id=\"text-3426506369\" class=\"text\">\n\t\t\n\n<p><strong>Director de empresa, NCB Digital Morecambe<\/strong><\/p>\n\t\t\n<style>\n#text-3426506369 {\n  text-align: left;\n}\n<\/style>\n\t<\/div>\n\t\n\n\t\t<\/div>\n\t<\/div>\n\t\n\t\n\n\t\t<\/div>\n\t\t\t\t\t<\/div>\n\n\t\n\n\t<div id=\"col-1464316384\" class=\"col medium-6 small-12 large-4\"  >\n\t\t\t\t<div class=\"col-inner\"  >\n\t\t\t\n\t\t\t\n\n\n\t\t<div class=\"icon-box featured-box icon-box-top text-left\"  >\n\t\t\t\t\t<div class=\"icon-box-img\" style=\"width: 163px\">\n\t\t\t\t<div class=\"icon\">\n\t\t\t\t\t<div class=\"icon-inner\" >\n\t\t\t\t\t\t<img loading=\"lazy\" decoding=\"async\" width=\"149\" height=\"25\" src=\"https:\/\/www.secure-itad.com\/wp-content\/uploads\/2024\/03\/5-Stars.svg\" class=\"attachment-medium size-medium\" alt=\"5 Stars\" \/>\t\t\t\t\t<\/div>\n\t\t\t\t<\/div>\n\t\t\t<\/div>\n\t\t\t\t<div class=\"icon-box-text last-reset\">\n\t\t\t\t\t\t\t\t\t\n\n\t<div id=\"text-2620116422\" class=\"text mb\">\n\t\t\n\n<p>\"Secure ITAD representa una gran relaci\u00f3n calidad-precio y entrega los proyectos a tiempo y dentro del presupuesto. No dudo en recomendarlos a todos nuestros clientes para los servicios de trituraci\u00f3n y eliminaci\u00f3n\"<\/p>\n\t\t\n<style>\n#text-2620116422 {\n  text-align: left;\n}\n<\/style>\n\t<\/div>\n\t\n\t<div id=\"text-653282993\" class=\"text\">\n\t\t\n\n<p><strong>Jefe de Servicio, Centro de Datos en Londres<\/strong><\/p>\n\t\t\n<style>\n#text-653282993 {\n  text-align: left;\n}\n<\/style>\n\t<\/div>\n\t\n\n\t\t<\/div>\n\t<\/div>\n\t\n\t\n\n\t\t<\/div>\n\t\t\t\t\t<\/div>\n\n\t\n\n\t<div id=\"col-178183361\" class=\"col medium-12 small-12 large-4\"  >\n\t\t\t\t<div class=\"col-inner\"  >\n\t\t\t\n\t\t\t\n\n\n\t\t<div class=\"icon-box featured-box icon-box-top text-left\"  >\n\t\t\t\t\t<div class=\"icon-box-img\" style=\"width: 163px\">\n\t\t\t\t<div class=\"icon\">\n\t\t\t\t\t<div class=\"icon-inner\" >\n\t\t\t\t\t\t<img loading=\"lazy\" decoding=\"async\" width=\"149\" height=\"25\" src=\"https:\/\/www.secure-itad.com\/wp-content\/uploads\/2024\/03\/5-Stars.svg\" class=\"attachment-medium size-medium\" alt=\"5 Stars\" \/>\t\t\t\t\t<\/div>\n\t\t\t\t<\/div>\n\t\t\t<\/div>\n\t\t\t\t<div class=\"icon-box-text last-reset\">\n\t\t\t\t\t\t\t\t\t\n\n\t<div id=\"text-3125047533\" class=\"text mb\">\n\t\t\n\n<p>\"Desde que utilizamos Secure ITAD, no hemos tenido ning\u00fan problema. Son muy amables y complacientes, ya sea recogiendo fuera del horario escolar o fuera de horas\"<\/p>\n\t\t\n<style>\n#text-3125047533 {\n  text-align: left;\n}\n<\/style>\n\t<\/div>\n\t\n\t<div id=\"text-4198003528\" class=\"text\">\n\t\t\n\n<p><strong>Director T\u00e9cnico de TI, Escuela en el sur de Essex<\/strong><\/p>\n\t\t\n<style>\n#text-4198003528 {\n  text-align: left;\n}\n<\/style>\n\t<\/div>\n\t\n\n\t\t<\/div>\n\t<\/div>\n\t\n\t\n\n\t\t<\/div>\n\t\t\t\t\t<\/div>\n\n\t\n\n<\/div>\n\n\t\t<\/div>\n\n\t\t\n<style>\n#section_1298806152 {\n  padding-top: 100px;\n  padding-bottom: 100px;\n  background-color: rgb(250, 250, 250);\n}\n<\/style>\n\t<\/section>\n\t\n\n\n\t<section class=\"section\" id=\"section_1304483097\">\n\t\t<div class=\"section-bg fill\" >\n\t\t\t\t\t\t\t\t\t\n\t\t\t\n\n\t\t<\/div>\n\n\t\t\n\n\t\t<div class=\"section-content relative\">\n\t\t\t\n\n<div class=\"row\"  id=\"row-1363265096\">\n\n\n\t<div id=\"col-1739634919\" class=\"col pb--0 small-12 large-12\"  >\n\t\t\t\t<div class=\"col-inner\"  >\n\t\t\t\n\t\t\t\n\n\t<div id=\"stack-3201790350\" class=\"stack stack-row justify-between items-stretch\">\n\t\t\n\n\t<div id=\"text-3635966369\" class=\"text\">\n\t\t\n\n<h4>Noticias e informaci\u00f3n<\/h4>\n\t\t\t<\/div>\n\t\n\n\t\t\n<style>\n#stack-3201790350 > * {\n  --stack-gap: 0rem;\n}\n<\/style>\n\t<\/div>\n\t\n<div class=\"is-divider divider clearfix\" style=\"margin-top:1.5em;margin-bottom:1.5em;max-width:100%;height:1px;background-color:rgb(199, 199, 199);\"><\/div>\n\n\n\t\t<\/div>\n\t\t\t\t\t<\/div>\n\n\t\n\n\t<div id=\"col-10694783\" class=\"col small-12 large-12\"  >\n\t\t\t\t<div class=\"col-inner\"  >\n\t\t\t\n\t\t\t\n\n\n\n\n    <div id=\"rd-news-grid\">\n\n    \n        <article class=\"grid-item\">\n            <div class=\"img-wrapper\">\n                <a href=\"https:\/\/www.secure-itad.com\/es\/cadena-de-custodia-en-la-eliminacion-de-activos-informaticos\/\">\n                    <div class=\"img-inner\">\n                        <img loading=\"lazy\" decoding=\"async\" src=\"https:\/\/www.secure-itad.com\/wp-content\/uploads\/2026\/03\/secure-itad-data-centre-decom.avif\" alt=\"Server rack with supercomputer hardware in big data center inside closeup\" height=\"100\" width=\"100\">\n                    <\/div>\n                <\/a>\n            <\/div>\n            <div class=\"grid-inner\">\n                <div class=\"cats-wrapper mb--10\">\n                                                                        <!-- <a class=\"button secondary is-smaller lowercase cat-btn mb--0\" href=\"\/category\/\"> -->\n                            <!-- <a class=\"button secondary is-smaller lowercase cat-btn mb--0\" href=\"\/category\/\"> -->\n<!--                             <a class=\"button secondary is-smaller lowercase cat-btn mb--0\"> -->\n<!--                                 <span><\/span> -->\n<!--                             <\/a> -->\n                                             \n                <\/div>\n                <p class=\"fw-md\"><a href=\"https:\/\/www.secure-itad.com\/es\/cadena-de-custodia-en-la-eliminacion-de-activos-informaticos\/\">Cadena de custodia en la eliminaci\u00f3n de activos inform\u00e1ticos<\/a><\/p>\n            <\/div>\n        <\/article>\n\n    \n        <article class=\"grid-item\">\n            <div class=\"img-wrapper\">\n                <a href=\"https:\/\/www.secure-itad.com\/es\/explicacion-de-las-normas-de-destruccion-de-datos\/\">\n                    <div class=\"img-inner\">\n                        <img loading=\"lazy\" decoding=\"async\" src=\"https:\/\/www.secure-itad.com\/wp-content\/uploads\/2024\/11\/20231208_114127-Large.jpeg\" alt=\"20231208_114127 Large\" height=\"100\" width=\"100\">\n                    <\/div>\n                <\/a>\n            <\/div>\n            <div class=\"grid-inner\">\n                <div class=\"cats-wrapper mb--10\">\n                                                                        <!-- <a class=\"button secondary is-smaller lowercase cat-btn mb--0\" href=\"\/category\/\"> -->\n                            <!-- <a class=\"button secondary is-smaller lowercase cat-btn mb--0\" href=\"\/category\/\"> -->\n<!--                             <a class=\"button secondary is-smaller lowercase cat-btn mb--0\"> -->\n<!--                                 <span><\/span> -->\n<!--                             <\/a> -->\n                                             \n                <\/div>\n                <p class=\"fw-md\"><a href=\"https:\/\/www.secure-itad.com\/es\/explicacion-de-las-normas-de-destruccion-de-datos\/\">Explicaci\u00f3n de las normas de destrucci\u00f3n de datos<\/a><\/p>\n            <\/div>\n        <\/article>\n\n    \n        <article class=\"grid-item\">\n            <div class=\"img-wrapper\">\n                <a href=\"https:\/\/www.secure-itad.com\/es\/destruccion-segura-de-ssd-y-discos-duros-para-empresas-2\/\">\n                    <div class=\"img-inner\">\n                        <img loading=\"lazy\" decoding=\"async\" src=\"https:\/\/www.secure-itad.com\/wp-content\/uploads\/2025\/09\/Secure-ITAD-Chain-of-Custody.avif\" alt=\"Secure ITAD Chain of Custody\" height=\"100\" width=\"100\">\n                    <\/div>\n                <\/a>\n            <\/div>\n            <div class=\"grid-inner\">\n                <div class=\"cats-wrapper mb--10\">\n                                                                        <!-- <a class=\"button secondary is-smaller lowercase cat-btn mb--0\" href=\"\/category\/\"> -->\n                            <!-- <a class=\"button secondary is-smaller lowercase cat-btn mb--0\" href=\"\/category\/\"> -->\n<!--                             <a class=\"button secondary is-smaller lowercase cat-btn mb--0\"> -->\n<!--                                 <span><\/span> -->\n<!--                             <\/a> -->\n                                             \n                <\/div>\n                <p class=\"fw-md\"><a href=\"https:\/\/www.secure-itad.com\/es\/destruccion-segura-de-ssd-y-discos-duros-para-empresas-2\/\">Cadena de custodia en la eliminaci\u00f3n de activos inform\u00e1ticos<\/a><\/p>\n            <\/div>\n        <\/article>\n\n    \n        <article class=\"grid-item\">\n            <div class=\"img-wrapper\">\n                <a href=\"https:\/\/www.secure-itad.com\/es\/destruccion-segura-de-ssd-y-discos-duros-para-empresas\/\">\n                    <div class=\"img-inner\">\n                        <img loading=\"lazy\" decoding=\"async\" src=\"https:\/\/www.secure-itad.com\/wp-content\/uploads\/2025\/09\/harddrive-destruction.avif\" alt=\"harddrive destruction\" height=\"100\" width=\"100\">\n                    <\/div>\n                <\/a>\n            <\/div>\n            <div class=\"grid-inner\">\n                <div class=\"cats-wrapper mb--10\">\n                                                                        <!-- <a class=\"button secondary is-smaller lowercase cat-btn mb--0\" href=\"\/category\/\"> -->\n                            <!-- <a class=\"button secondary is-smaller lowercase cat-btn mb--0\" href=\"\/category\/\"> -->\n<!--                             <a class=\"button secondary is-smaller lowercase cat-btn mb--0\"> -->\n<!--                                 <span><\/span> -->\n<!--                             <\/a> -->\n                                             \n                <\/div>\n                <p class=\"fw-md\"><a href=\"https:\/\/www.secure-itad.com\/es\/destruccion-segura-de-ssd-y-discos-duros-para-empresas\/\">C\u00f3mo deshacerse de forma segura de discos duros y SSD viejos<\/a><\/p>\n            <\/div>\n        <\/article>\n\n    \n        <article class=\"grid-item\">\n            <div class=\"img-wrapper\">\n                <a href=\"https:\/\/www.secure-itad.com\/es\/por-que-la-destruccion-fisica-de-los-discos-duros-es-esencial-para-la-seguridad-de-los-datos-2\/\">\n                    <div class=\"img-inner\">\n                        <img loading=\"lazy\" decoding=\"async\" src=\"https:\/\/www.secure-itad.com\/wp-content\/uploads\/2025\/05\/What-Every-Business-Should-Include-in-Its-IT-Asset-Disposal-Policy.avif\" alt=\"What Every Business Should Include in Its IT Asset Disposal Policy\" height=\"100\" width=\"100\">\n                    <\/div>\n                <\/a>\n            <\/div>\n            <div class=\"grid-inner\">\n                <div class=\"cats-wrapper mb--10\">\n                                                                        <!-- <a class=\"button secondary is-smaller lowercase cat-btn mb--0\" href=\"\/category\/\"> -->\n                            <!-- <a class=\"button secondary is-smaller lowercase cat-btn mb--0\" href=\"\/category\/\"> -->\n<!--                             <a class=\"button secondary is-smaller lowercase cat-btn mb--0\"> -->\n<!--                                 <span><\/span> -->\n<!--                             <\/a> -->\n                                             \n                <\/div>\n                <p class=\"fw-md\"><a href=\"https:\/\/www.secure-itad.com\/es\/por-que-la-destruccion-fisica-de-los-discos-duros-es-esencial-para-la-seguridad-de-los-datos-2\/\">Lo que toda empresa debe incluir en su pol\u00edtica de eliminaci\u00f3n de activos inform\u00e1ticos<\/a><\/p>\n            <\/div>\n        <\/article>\n\n    \n    <\/div>\n\n\n\n\n\t\t<\/div>\n\t\t\t\t\t<\/div>\n\n\t\n\n<\/div>\n\n\t\t<\/div>\n\n\t\t\n<style>\n#section_1304483097 {\n  padding-top: 50px;\n  padding-bottom: 50px;\n  background-color: rgb(240, 240, 240);\n}\n@media (min-width:850px) {\n  #section_1304483097 {\n    padding-top: 80px;\n    padding-bottom: 80px;\n  }\n}\n<\/style>\n\t<\/section>\n\t\n\n\n","protected":false},"excerpt":{"rendered":"","protected":false},"author":1,"featured_media":1659,"parent":0,"menu_order":4,"comment_status":"closed","ping_status":"closed","template":"","meta":{"footnotes":""},"class_list":["post-1656","page","type-page","status-publish","has-post-thumbnail","hentry"],"_links":{"self":[{"href":"https:\/\/www.secure-itad.com\/es\/wp-json\/wp\/v2\/pages\/1656","targetHints":{"allow":["GET"]}}],"collection":[{"href":"https:\/\/www.secure-itad.com\/es\/wp-json\/wp\/v2\/pages"}],"about":[{"href":"https:\/\/www.secure-itad.com\/es\/wp-json\/wp\/v2\/types\/page"}],"author":[{"embeddable":true,"href":"https:\/\/www.secure-itad.com\/es\/wp-json\/wp\/v2\/users\/1"}],"replies":[{"embeddable":true,"href":"https:\/\/www.secure-itad.com\/es\/wp-json\/wp\/v2\/comments?post=1656"}],"version-history":[{"count":4,"href":"https:\/\/www.secure-itad.com\/es\/wp-json\/wp\/v2\/pages\/1656\/revisions"}],"predecessor-version":[{"id":3373,"href":"https:\/\/www.secure-itad.com\/es\/wp-json\/wp\/v2\/pages\/1656\/revisions\/3373"}],"wp:featuredmedia":[{"embeddable":true,"href":"https:\/\/www.secure-itad.com\/es\/wp-json\/wp\/v2\/media\/1659"}],"wp:attachment":[{"href":"https:\/\/www.secure-itad.com\/es\/wp-json\/wp\/v2\/media?parent=1656"}],"curies":[{"name":"wp","href":"https:\/\/api.w.org\/{rel}","templated":true}]}}