{"id":7214,"date":"2024-08-09T09:22:41","date_gmt":"2024-08-09T08:22:41","guid":{"rendered":"https:\/\/www.secure-itad.com\/terminos-2\/"},"modified":"2026-04-15T04:55:23","modified_gmt":"2026-04-15T03:55:23","slug":"terminos-2","status":"publish","type":"page","link":"https:\/\/www.secure-itad.com\/es\/terminos-2\/","title":{"rendered":"T\u00e9rminos"},"content":{"rendered":"\n\t<div id=\"gap-650945545\" class=\"gap-element clearfix\" style=\"display:block; height:auto;\">\n\t\t\n<style>\n#gap-650945545 {\n  padding-top: 15vh;\n}\n@media (min-width:550px) {\n  #gap-650945545 {\n    padding-top: 8vh;\n  }\n}\n<\/style>\n\t<\/div>\n\t\n\n\n\t<section class=\"section\" id=\"section_950731453\">\n\t\t<div class=\"section-bg fill\" >\n\t\t\t\t\t\t\t\t\t\n\t\t\t\n\n\t\t<\/div>\n\n\t\t\n\n\t\t<div class=\"section-content relative\">\n\t\t\t\n\n<div class=\"row\"  id=\"row-1138107638\">\n\n\n\t<div id=\"col-589256825\" class=\"col small-12 large-12\"  >\n\t\t\t\t<div class=\"col-inner\"  >\n\t\t\t\n\t\t\t\n\n<h1 class=\"fs-m fw-lt\">T\u00e9rminos y condiciones<\/h1>\n<p><strong>1. Introducci\u00f3n<\/strong><\/p>\n<p>Bienvenido a SecureITAD. Al acceder y utilizar nuestro sitio web, aceptas cumplir y regirte por los siguientes t\u00e9rminos y condiciones. <\/p>\n<p><strong>2. Servicios<\/strong><br>SecureITAD est\u00e1 especializada en la destrucci\u00f3n de datos y hardware y en la eliminaci\u00f3n de activos inform\u00e1ticos. Garantizamos el cumplimiento de todos los reglamentos y normas pertinentes, incluidas ISO 9001, ISO 14001 e ISO 27001. <\/p>\n<p><strong>3. Uso del sitio web<\/strong><br>Te comprometes a utilizar nuestro sitio web \u00fanicamente con fines l\u00edcitos. Cualquier uso no autorizado del sitio web puede dar lugar a una reclamaci\u00f3n por da\u00f1os y perjuicios y\/o constituir un delito. <\/p>\n<p><strong>4. Propiedad intelectual<\/strong><br>Todo el contenido de este sitio web, incluidos textos, gr\u00e1ficos, logotipos e im\u00e1genes, es propiedad de SecureITAD o de sus proveedores de contenido y est\u00e1 protegido por las leyes de propiedad intelectual. No puedes reproducir, duplicar o explotar ning\u00fan contenido sin permiso expreso por escrito. <\/p>\n<p><strong>5. Privacidad<\/strong><br>Tu uso del sitio web tambi\u00e9n se rige por nuestra Pol\u00edtica de Privacidad, <a href=\"https:\/\/www.secure-itad.com\/es\/terminos\/\">a la que puedes acceder aqu\u00ed.<\/a><\/p>\n<p><strong>6. Limitaci\u00f3n de responsabilidad<\/strong><br>SecureITAD no ser\u00e1 responsable de ninguna p\u00e9rdida o da\u00f1o indirecto o consecuente que surja o est\u00e9 relacionado con el uso de este sitio web.<\/p>\n<p><strong>7. Cambios en los T\u00e9rminos y Condiciones<\/strong><br>SecureITAD se reserva el derecho a cambiar estos t\u00e9rminos y condiciones en cualquier momento. Cualquier cambio ser\u00e1 publicado en esta p\u00e1gina, y tu uso continuado del sitio web significar\u00e1 tu aceptaci\u00f3n de los t\u00e9rminos actualizados. <\/p>\n<p><strong>8. Ley aplicable<\/strong><br>Estos t\u00e9rminos y condiciones se rigen e interpretan de acuerdo con las leyes de Inglaterra y Gales.\nCualquier disputa que surja de o en relaci\u00f3n con estas condiciones estar\u00e1 sujeta a la jurisdicci\u00f3n exclusiva de los tribunales de Inglaterra y Gales. <\/p>\n<p><em>Para cualquier duda o informaci\u00f3n adicional, ponte en contacto con nosotros en info@secure-itad.com.<\/em><\/p>\n\n\t\t<\/div>\n\t\t\t\t\t<\/div>\n\n\t\n\n<\/div>\n\n\t\t<\/div>\n\n\t\t\n<style>\n#section_950731453 {\n  padding-top: 30px;\n  padding-bottom: 30px;\n}\n<\/style>\n\t<\/section>\n\t\n\n<p><\/p>\n","protected":false},"excerpt":{"rendered":"","protected":false},"author":1,"featured_media":2944,"parent":0,"menu_order":0,"comment_status":"closed","ping_status":"closed","template":"","meta":{"footnotes":""},"class_list":["post-7214","page","type-page","status-publish","has-post-thumbnail","hentry"],"_links":{"self":[{"href":"https:\/\/www.secure-itad.com\/es\/wp-json\/wp\/v2\/pages\/7214","targetHints":{"allow":["GET"]}}],"collection":[{"href":"https:\/\/www.secure-itad.com\/es\/wp-json\/wp\/v2\/pages"}],"about":[{"href":"https:\/\/www.secure-itad.com\/es\/wp-json\/wp\/v2\/types\/page"}],"author":[{"embeddable":true,"href":"https:\/\/www.secure-itad.com\/es\/wp-json\/wp\/v2\/users\/1"}],"replies":[{"embeddable":true,"href":"https:\/\/www.secure-itad.com\/es\/wp-json\/wp\/v2\/comments?post=7214"}],"version-history":[{"count":8,"href":"https:\/\/www.secure-itad.com\/es\/wp-json\/wp\/v2\/pages\/7214\/revisions"}],"predecessor-version":[{"id":13748,"href":"https:\/\/www.secure-itad.com\/es\/wp-json\/wp\/v2\/pages\/7214\/revisions\/13748"}],"wp:featuredmedia":[{"embeddable":true,"href":"https:\/\/www.secure-itad.com\/es\/wp-json\/wp\/v2\/media\/2944"}],"wp:attachment":[{"href":"https:\/\/www.secure-itad.com\/es\/wp-json\/wp\/v2\/media?parent=7214"}],"curies":[{"name":"wp","href":"https:\/\/api.w.org\/{rel}","templated":true}]}}