{"id":7046,"date":"2024-03-15T12:58:59","date_gmt":"2024-03-15T12:58:59","guid":{"rendered":"https:\/\/www.secure-itad.com\/action-caritative\/"},"modified":"2026-04-02T07:54:51","modified_gmt":"2026-04-02T06:54:51","slug":"action-caritative","status":"publish","type":"page","link":"https:\/\/www.secure-itad.com\/fr\/action-caritative\/","title":{"rendered":"Action caritative"},"content":{"rendered":"\n\n\t<section class=\"section service-parent-bg dark\" id=\"section_1756898247\">\n\t\t<div class=\"section-bg fill\" >\n\t\t\t<img loading=\"lazy\" decoding=\"async\" width=\"2560\" height=\"1497\" src=\"https:\/\/www.secure-itad.com\/wp-content\/uploads\/2024\/03\/Charity-work-hero-scaled.jpg\" class=\"bg attachment- size-\" alt=\"Charity-work-hero\" \/>\t\t\t\t\t\t<div class=\"section-bg-overlay absolute fill\"><\/div>\n\t\t\t\n\n\t\t<\/div>\n\n\t\t\n\n\t\t<div class=\"section-content relative\">\n\t\t\t\n\n<div class=\"row row-collapse\"  id=\"row-1680636737\">\n\n\n\t<div id=\"col-454579317\" class=\"col small-12 large-12\"  data-animate=\"bounceInUp\">\n\t\t\t\t<div class=\"col-inner text-center\"  >\n\t\t\t\n\t\t\t\n\n\t<div id=\"text-3156886722\" class=\"text max--800\">\n\t\t\n\n<h1 class=\"thin-font\">Action caritative<\/h1>\n<p>Secure ITAD est tr\u00e8s fier d&rsquo;aider et de soutenir ces organisations caritatives tr\u00e8s m\u00e9ritantes.<br>Si vous souhaitez obtenir de plus amples informations \u00e0 leur sujet ou si vous souhaitez apporter votre contribution, veuillez les contacter directement ou envoyer un courriel \u00e0 Penny \u00e0 l&rsquo;adresse <a href=\"mailto:penny@secureit-services.com\">penny@secure-itad.com<\/a>.<\/p>\n\t\t\n<style>\n#text-3156886722 {\n  text-align: center;\n}\n<\/style>\n\t<\/div>\n\t\n\n\n<div style=\"min-height:20vh;\" id=\"indicator\"><\/div>\n\n\n\t\t<\/div>\n\t\t\t\t\t<\/div>\n\n\t\n\n<\/div>\n\n\t\t<\/div>\n\n\t\t\n<style>\n#section_1756898247 {\n  padding-top: 30px;\n  padding-bottom: 30px;\n  min-height: 55vh;\n  background-color: rgb(0,0,0);\n}\n#section_1756898247 .section-bg-overlay {\n  background-color: rgba(0, 0, 0, 0.39);\n}\n#section_1756898247 .section-bg img {\n  object-position: 51% 100%;\n}\n@media (min-width:550px) {\n  #section_1756898247 {\n    min-height: 40vh;\n  }\n  #section_1756898247 .section-bg-overlay {\n    background-color: rgba(0, 0, 0, 0.39);\n  }\n}\n@media (min-width:850px) {\n  #section_1756898247 {\n    min-height: 65vh;\n  }\n  #section_1756898247 .section-bg-overlay {\n    background-color: rgba(0, 0, 0, 0.07);\n  }\n}\n<\/style>\n\t<\/section>\n\t\n\n\t<section class=\"section\" id=\"section_1068797826\">\n\t\t<div class=\"section-bg fill\" >\n\t\t\t\t\t\t\t\t\t\n\t\t\t\n\n\t\t<\/div>\n\n\t\t\n\n\t\t<div class=\"section-content relative\">\n\t\t\t\n\n<div class=\"row align-middle\"  id=\"row-148084189\">\n\n\n\t<div id=\"col-814947848\" class=\"col medium-12 small-12 large-5\"  data-animate=\"blurIn\">\n\t\t\t\t<div class=\"col-inner\"  >\n\t\t\t\n\t\t\t\n\n\t<div id=\"text-2159086732\" class=\"text bullet-tick\">\n\t\t\n\n<h2 class=\"fs-m fw-lt mb--30\">Unique Imelda<\/h2>\n<p>Num\u00e9ro d&rsquo;enregistrement de l&rsquo;organisme de bienfaisance : <span class=\"fw-md\">1164473<\/span><\/p>\n<p>Site web : <span class=\"fw-md\"><a href=\"https:\/\/justgiving.com\/campaign\/uniqueimelda\" target=\"_blank\" rel=\"noopener nofollow\">justgiving.com\/campagne\/uniqueimelda<\/a><\/span><\/p>\n<p>Nous vous pr\u00e9sentons Imelda (Ime), 6 ans, originaire de Braintree dans l&rsquo;Essex.<\/p>\n<p>Au cours de sa courte vie, elle a subi d&rsquo;innombrables visites et admissions \u00e0 l&rsquo;h\u00f4pital. Elle est n\u00e9e avec une maladie chromosomique rare. Comme vous pouvez le voir sur cette superbe photo smiley, Ime est une battante et ne se laissera pas abattre, peu importe ce qu&rsquo;on lui lance \ud83d\udc93.<\/p>\n<p>Just4Children, sa famille et ses amis collectent des fonds pour offrir \u00e0 Ime les traitements et th\u00e9rapies sp\u00e9cialis\u00e9s dont elle a tant besoin.<\/p>\n<p>Contactez sa maman Rachel au <a class=\"no-underline fw-md\" href=\"tel:07941137175\">07941 137175<\/a> ou par courriel : <a class=\"no-underline fw-md\" href=\"mailto:rachelhub14@aol.com\">rachelhub14@aol.com<\/a><\/p>\n\t\t\t<\/div>\n\t\n\t<div id=\"gap-313964252\" class=\"gap-element clearfix\" style=\"display:block; height:auto;\">\n\t\t\n<style>\n#gap-313964252 {\n  padding-top: 20px;\n}\n@media (min-width:850px) {\n  #gap-313964252 {\n    padding-top: 30px;\n  }\n}\n<\/style>\n\t<\/div>\n\t\n\n\n\t\t<\/div>\n\t\t\t\t\n<style>\n#col-814947848 > .col-inner {\n  margin: 0px 0px -60px 0px;\n}\n<\/style>\n\t<\/div>\n\n\t\n\n\t<div id=\"col-1206523562\" class=\"col br--10 medium-12 small-12 large-7 medium-col-first\"  data-animate=\"fadeInRight\">\n\t\t\t\t<div class=\"col-inner\"  >\n\t\t\t\n\t\t\t\n\n\n  <div class=\"banner has-hover br--10\" id=\"banner-648208352\">\n          <div class=\"banner-inner fill\">\n        <div class=\"banner-bg fill\" >\n            <img loading=\"lazy\" decoding=\"async\" width=\"1392\" height=\"900\" src=\"https:\/\/www.secure-itad.com\/wp-content\/uploads\/2024\/03\/Charity-work-A.jpg\" class=\"bg attachment-1536x1536 size-1536x1536\" alt=\"Charity-work-A\" \/>                                    \n                    <\/div>\n\t\t\n        <div class=\"banner-layers container\">\n            <div class=\"fill banner-link\"><\/div>            \n\n   <div id=\"text-box-1543468173\" class=\"text-box banner-layer x50 md-x50 lg-x50 y50 md-y50 lg-y50 res-text\">\n                                <div class=\"text-box-content text dark\">\n              \n              <div class=\"text-inner text-center\">\n                  \n\n\n              <\/div>\n           <\/div>\n                            \n<style>\n#text-box-1543468173 {\n  width: 60%;\n}\n#text-box-1543468173 .text-box-content {\n  font-size: 100%;\n}\n@media (min-width:550px) {\n  #text-box-1543468173 {\n    width: 60%;\n  }\n}\n<\/style>\n    <\/div>\n \n\n        <\/div>\n      <\/div>\n\n            \n<style>\n#banner-648208352 {\n  padding-top: 56.25%;\n  background-color: rgba(255, 255, 255, 0);\n}\n#banner-648208352 .banner-bg img {\n  object-position: 52% 57%;\n}\n@media (min-width:850px) {\n  #banner-648208352 {\n    padding-top: 450px;\n  }\n}\n<\/style>\n  <\/div>\n\n\n\n\t\t<\/div>\n\t\t\t\t\t<\/div>\n\n\t\n\n<\/div>\n\n\t\t<\/div>\n\n\t\t\n<style>\n#section_1068797826 {\n  padding-top: 50px;\n  padding-bottom: 50px;\n}\n@media (min-width:850px) {\n  #section_1068797826 {\n    padding-top: 80px;\n    padding-bottom: 80px;\n  }\n}\n<\/style>\n\t<\/section>\n\t\n\n\t<section class=\"section\" id=\"section_389143750\">\n\t\t<div class=\"section-bg fill\" >\n\t\t\t\t\t\t\t\t\t\n\t\t\t\n\n\t\t<\/div>\n\n\t\t\n\n\t\t<div class=\"section-content relative\">\n\t\t\t\n\n<div class=\"row align-middle\"  id=\"row-1821018377\">\n\n\n\t<div id=\"col-2133664213\" class=\"col br--10 medium-12 small-12 large-7\"  data-animate=\"fadeInLeft\">\n\t\t\t\t<div class=\"col-inner\"  >\n\t\t\t\n\t\t\t\n\n\n  <div class=\"banner has-hover br--10\" id=\"banner-896448879\">\n          <div class=\"banner-inner fill\">\n        <div class=\"banner-bg fill\" >\n            <img loading=\"lazy\" decoding=\"async\" width=\"1392\" height=\"900\" src=\"https:\/\/www.secure-itad.com\/wp-content\/uploads\/2024\/03\/Charity-work-B.jpg\" class=\"bg attachment-1536x1536 size-1536x1536\" alt=\"Charity-work-B\" \/>                                    \n                    <\/div>\n\t\t\n        <div class=\"banner-layers container\">\n            <div class=\"fill banner-link\"><\/div>            \n\n   <div id=\"text-box-1804495741\" class=\"text-box banner-layer x50 md-x50 lg-x50 y50 md-y50 lg-y50 res-text\">\n                                <div class=\"text-box-content text dark\">\n              \n              <div class=\"text-inner text-center\">\n                  \n\n\n              <\/div>\n           <\/div>\n                            \n<style>\n#text-box-1804495741 {\n  width: 60%;\n}\n#text-box-1804495741 .text-box-content {\n  font-size: 100%;\n}\n@media (min-width:550px) {\n  #text-box-1804495741 {\n    width: 60%;\n  }\n}\n<\/style>\n    <\/div>\n \n\n        <\/div>\n      <\/div>\n\n            \n<style>\n#banner-896448879 {\n  padding-top: 56.25%;\n  background-color: rgba(255, 255, 255, 0);\n}\n#banner-896448879 .banner-bg img {\n  object-position: 50% 49%;\n}\n@media (min-width:850px) {\n  #banner-896448879 {\n    padding-top: 450px;\n  }\n}\n<\/style>\n  <\/div>\n\n\n\n\t\t<\/div>\n\t\t\t\t\t<\/div>\n\n\t\n\n\t<div id=\"col-911965091\" class=\"col medium-12 small-12 large-5\"  data-animate=\"blurIn\">\n\t\t\t\t<div class=\"col-inner\"  >\n\t\t\t\n\t\t\t\n\n\t<div id=\"text-4120927286\" class=\"text bullet-tick\">\n\t\t\n\n<h3 class=\"fs-m fw-lt mb--30\">UK Aid &#8211; Aider les enfants en Ukraine et en Moldavie<\/h3>\n<p>Num\u00e9ro d&rsquo;enregistrement de l&rsquo;organisme de bienfaisance : <span class=\"fw-md\">1099750<\/span><\/p>\n<p>Site web : <a class=\"no-underline fw-md\" href=\"https:\/\/uk-aid.org\" target=\"_blank\" rel=\"noopener nofollow\">uk-aid.org<\/a><\/p>\n<p class=\"fw-md\">Contactez Alan au <a href=\"tel:+441371238941\" class=\"no-underline\">01371 238941<\/a> ou <a href=\"tel:+447884426551\" class=\"no-underline\">07884 426551<\/a> \/ <a href=\"tel:+447979067268\" class=\"no-underline\">07979 067268<\/a><\/p>\n<p>Courriel : <a href=\"mailto:felstedaid@hotmail.com\" class=\"no-underline fw-md\">felstedaid@hotmail.com<\/a><\/p>\n\t\t\t<\/div>\n\t\n\n\t\t<\/div>\n\t\t\t\t\n<style>\n#col-911965091 > .col-inner {\n  margin: 0px 0px -60px 0px;\n}\n<\/style>\n\t<\/div>\n\n\t\n\n<\/div>\n\n\t\t<\/div>\n\n\t\t\n<style>\n#section_389143750 {\n  padding-top: 50px;\n  padding-bottom: 50px;\n}\n<\/style>\n\t<\/section>\n\t\n\n\n\n<p><\/p>\n","protected":false},"excerpt":{"rendered":"","protected":false},"author":1,"featured_media":0,"parent":0,"menu_order":0,"comment_status":"closed","ping_status":"closed","template":"","meta":{"footnotes":""},"class_list":["post-7046","page","type-page","status-publish","hentry"],"_links":{"self":[{"href":"https:\/\/www.secure-itad.com\/fr\/wp-json\/wp\/v2\/pages\/7046","targetHints":{"allow":["GET"]}}],"collection":[{"href":"https:\/\/www.secure-itad.com\/fr\/wp-json\/wp\/v2\/pages"}],"about":[{"href":"https:\/\/www.secure-itad.com\/fr\/wp-json\/wp\/v2\/types\/page"}],"author":[{"embeddable":true,"href":"https:\/\/www.secure-itad.com\/fr\/wp-json\/wp\/v2\/users\/1"}],"replies":[{"embeddable":true,"href":"https:\/\/www.secure-itad.com\/fr\/wp-json\/wp\/v2\/comments?post=7046"}],"version-history":[{"count":12,"href":"https:\/\/www.secure-itad.com\/fr\/wp-json\/wp\/v2\/pages\/7046\/revisions"}],"predecessor-version":[{"id":9597,"href":"https:\/\/www.secure-itad.com\/fr\/wp-json\/wp\/v2\/pages\/7046\/revisions\/9597"}],"wp:attachment":[{"href":"https:\/\/www.secure-itad.com\/fr\/wp-json\/wp\/v2\/media?parent=7046"}],"curies":[{"name":"wp","href":"https:\/\/api.w.org\/{rel}","templated":true}]}}