{"id":7218,"date":"2024-08-09T09:22:41","date_gmt":"2024-08-09T08:22:41","guid":{"rendered":"https:\/\/www.secure-itad.com\/conditions\/"},"modified":"2026-04-06T19:15:22","modified_gmt":"2026-04-06T18:15:22","slug":"conditions","status":"publish","type":"page","link":"https:\/\/www.secure-itad.com\/fr\/conditions\/","title":{"rendered":"Conditions"},"content":{"rendered":"\n\t<div id=\"gap-1599071016\" class=\"gap-element clearfix\" style=\"display:block; height:auto;\">\n\t\t\n<style>\n#gap-1599071016 {\n  padding-top: 15vh;\n}\n@media (min-width:550px) {\n  #gap-1599071016 {\n    padding-top: 8vh;\n  }\n}\n<\/style>\n\t<\/div>\n\t\n\n\n\t<section class=\"section\" id=\"section_1130213991\">\n\t\t<div class=\"section-bg fill\" >\n\t\t\t\t\t\t\t\t\t\n\t\t\t\n\n\t\t<\/div>\n\n\t\t\n\n\t\t<div class=\"section-content relative\">\n\t\t\t\n\n<div class=\"row\"  id=\"row-1598536687\">\n\n\n\t<div id=\"col-1498045304\" class=\"col small-12 large-12\"  >\n\t\t\t\t<div class=\"col-inner\"  >\n\t\t\t\n\t\t\t\n\n<h1 class=\"fs-m fw-lt\">Conditions g\u00e9n\u00e9rales d&rsquo;utilisation<\/h1>\n<p><strong>1. Introduction<\/strong><\/p>\n<p>Bienvenue sur SecureITAD. En acc\u00e9dant \u00e0 notre site web et en l&rsquo;utilisant, vous acceptez de vous conformer et d&rsquo;\u00eatre li\u00e9 par les conditions suivantes. <\/p>\n<p><strong>2. Services<\/strong><br>SecureITAD est sp\u00e9cialis\u00e9 dans la destruction des donn\u00e9es et du mat\u00e9riel informatique et dans la mise au rebut des actifs informatiques. Nous veillons au respect de toutes les r\u00e9glementations et normes pertinentes, y compris les normes ISO 9001, ISO 14001 et ISO 27001. <\/p>\n<p><strong>3. Utilisation du site web<\/strong><br>Vous acceptez de n&rsquo;utiliser notre site web qu&rsquo;\u00e0 des fins l\u00e9gales. Toute utilisation non autoris\u00e9e du site web peut donner lieu \u00e0 une demande de dommages-int\u00e9r\u00eats et\/ou constituer une infraction p\u00e9nale. <\/p>\n<p><strong>4. Propri\u00e9t\u00e9 intellectuelle<\/strong><br>Tout le contenu de ce site web, y compris les textes, les graphiques, les logos et les images, est la propri\u00e9t\u00e9 de SecureITAD ou de ses fournisseurs de contenu et est prot\u00e9g\u00e9 par les lois sur la propri\u00e9t\u00e9 intellectuelle. Vous n&rsquo;\u00eates pas autoris\u00e9 \u00e0 reproduire, dupliquer ou exploiter tout contenu sans autorisation \u00e9crite expresse. <\/p>\n<p><strong>5. Protection de la vie priv\u00e9e<\/strong><br>Votre utilisation du site web est \u00e9galement r\u00e9gie par notre politique de protection de la vie priv\u00e9e, <a href=\"https:\/\/www.secure-itad.com\/fr\/politique-de-confidentialite\/\">qui peut \u00eatre consult\u00e9e ici.<\/a><\/p>\n<p><strong>6. Limitation de responsabilit\u00e9<\/strong><br>SecureITAD ne sera pas responsable des pertes ou dommages indirects ou cons\u00e9cutifs r\u00e9sultant de l&rsquo;utilisation de ce site web ou li\u00e9s \u00e0 celle-ci.<\/p>\n<p><strong>7. Modifications des conditions g\u00e9n\u00e9rales<\/strong><br>SecureITAD se r\u00e9serve le droit de modifier les pr\u00e9sentes conditions g\u00e9n\u00e9rales \u00e0 tout moment. Toute modification sera publi\u00e9e sur cette page et votre utilisation continue du site web signifiera que vous acceptez les conditions mises \u00e0 jour. <\/p>\n<p><strong>8. Droit applicable<\/strong><br>Les pr\u00e9sentes conditions g\u00e9n\u00e9rales sont r\u00e9gies et interpr\u00e9t\u00e9es conform\u00e9ment aux lois de l&rsquo;Angleterre et du Pays de Galles.\nTout litige d\u00e9coulant des pr\u00e9sentes conditions ou en rapport avec celles-ci sera soumis \u00e0 la comp\u00e9tence exclusive des tribunaux d&rsquo;Angleterre et du Pays de Galles. <\/p>\n<p><em>Pour toute question ou information compl\u00e9mentaire, veuillez nous contacter \u00e0 l&rsquo;adresse suivante : info@secure-itad.com.<\/em><\/p>\n\n\t\t<\/div>\n\t\t\t\t\t<\/div>\n\n\t\n\n<\/div>\n\n\t\t<\/div>\n\n\t\t\n<style>\n#section_1130213991 {\n  padding-top: 30px;\n  padding-bottom: 30px;\n}\n<\/style>\n\t<\/section>\n\t\n\n<p><\/p>\n","protected":false},"excerpt":{"rendered":"","protected":false},"author":1,"featured_media":2945,"parent":0,"menu_order":0,"comment_status":"closed","ping_status":"closed","template":"","meta":{"footnotes":""},"class_list":["post-7218","page","type-page","status-publish","has-post-thumbnail","hentry"],"_links":{"self":[{"href":"https:\/\/www.secure-itad.com\/fr\/wp-json\/wp\/v2\/pages\/7218","targetHints":{"allow":["GET"]}}],"collection":[{"href":"https:\/\/www.secure-itad.com\/fr\/wp-json\/wp\/v2\/pages"}],"about":[{"href":"https:\/\/www.secure-itad.com\/fr\/wp-json\/wp\/v2\/types\/page"}],"author":[{"embeddable":true,"href":"https:\/\/www.secure-itad.com\/fr\/wp-json\/wp\/v2\/users\/1"}],"replies":[{"embeddable":true,"href":"https:\/\/www.secure-itad.com\/fr\/wp-json\/wp\/v2\/comments?post=7218"}],"version-history":[{"count":3,"href":"https:\/\/www.secure-itad.com\/fr\/wp-json\/wp\/v2\/pages\/7218\/revisions"}],"predecessor-version":[{"id":13550,"href":"https:\/\/www.secure-itad.com\/fr\/wp-json\/wp\/v2\/pages\/7218\/revisions\/13550"}],"wp:featuredmedia":[{"embeddable":true,"href":"https:\/\/www.secure-itad.com\/fr\/wp-json\/wp\/v2\/media\/2945"}],"wp:attachment":[{"href":"https:\/\/www.secure-itad.com\/fr\/wp-json\/wp\/v2\/media?parent=7218"}],"curies":[{"name":"wp","href":"https:\/\/api.w.org\/{rel}","templated":true}]}}