{"id":1918,"date":"2024-03-15T12:58:59","date_gmt":"2024-03-15T12:58:59","guid":{"rendered":"https:\/\/www.secure-itad.com\/opere-di-carita\/"},"modified":"2026-03-19T10:23:05","modified_gmt":"2026-03-19T10:23:05","slug":"opere-di-carita","status":"publish","type":"page","link":"https:\/\/www.secure-itad.com\/it\/opere-di-carita\/","title":{"rendered":"Opere di carit\u00e0"},"content":{"rendered":"\n\n\t<section class=\"section service-parent-bg dark\" id=\"section_791442948\">\n\t\t<div class=\"section-bg fill\" >\n\t\t\t<img loading=\"lazy\" decoding=\"async\" width=\"2560\" height=\"1497\" src=\"https:\/\/www.secure-itad.com\/wp-content\/uploads\/2024\/03\/Charity-work-hero-scaled.jpg\" class=\"bg attachment- size-\" alt=\"Charity-work-hero\" \/>\t\t\t\t\t\t<div class=\"section-bg-overlay absolute fill\"><\/div>\n\t\t\t\n\n\t\t<\/div>\n\n\t\t\n\n\t\t<div class=\"section-content relative\">\n\t\t\t\n\n<div class=\"row row-collapse\"  id=\"row-1054936343\">\n\n\n\t<div id=\"col-947879681\" class=\"col small-12 large-12\"  data-animate=\"bounceInUp\">\n\t\t\t\t<div class=\"col-inner text-center\"  >\n\t\t\t\n\t\t\t\n\n\t<div id=\"text-156942587\" class=\"text max--800\">\n\t\t\n\n<h1 class=\"thin-font\">Opere di carit\u00e0<\/h1>\n<p>Secure ITAD \u00e8 molto orgogliosa di aiutare e sostenere questi enti di beneficenza cos\u00ec meritevoli.<br>Se desideri ulteriori informazioni su questi enti o vuoi dare il tuo contributo, contattali direttamente o invia un&#8217;e-mail a Penny su <a href=\"mailto:penny@secureit-services.com\">penny@secure-itad.com<\/a>.<\/p>\n\t\t\n<style>\n#text-156942587 {\n  text-align: center;\n}\n<\/style>\n\t<\/div>\n\t\n\n\n<div style=\"min-height:20vh;\" id=\"indicator\"><\/div>\n\n\n\t\t<\/div>\n\t\t\t\t\t<\/div>\n\n\t\n\n<\/div>\n\n\t\t<\/div>\n\n\t\t\n<style>\n#section_791442948 {\n  padding-top: 30px;\n  padding-bottom: 30px;\n  min-height: 55vh;\n  background-color: rgb(0,0,0);\n}\n#section_791442948 .section-bg-overlay {\n  background-color: rgba(0, 0, 0, 0.39);\n}\n#section_791442948 .section-bg img {\n  object-position: 51% 100%;\n}\n@media (min-width:550px) {\n  #section_791442948 {\n    min-height: 40vh;\n  }\n  #section_791442948 .section-bg-overlay {\n    background-color: rgba(0, 0, 0, 0.39);\n  }\n}\n@media (min-width:850px) {\n  #section_791442948 {\n    min-height: 65vh;\n  }\n  #section_791442948 .section-bg-overlay {\n    background-color: rgba(0, 0, 0, 0.07);\n  }\n}\n<\/style>\n\t<\/section>\n\t\n\n\t<section class=\"section\" id=\"section_701643908\">\n\t\t<div class=\"section-bg fill\" >\n\t\t\t\t\t\t\t\t\t\n\t\t\t\n\n\t\t<\/div>\n\n\t\t\n\n\t\t<div class=\"section-content relative\">\n\t\t\t\n\n<div class=\"row align-middle\"  id=\"row-1216216659\">\n\n\n\t<div id=\"col-870777028\" class=\"col medium-12 small-12 large-5\"  data-animate=\"blurIn\">\n\t\t\t\t<div class=\"col-inner\"  >\n\t\t\t\n\t\t\t\n\n\t<div id=\"text-2172681800\" class=\"text bullet-tick\">\n\t\t\n\n<h2 class=\"fs-m fw-lt mb--30\">Unico Imelda<\/h2>\n<p>Numero di registro di beneficenza: <span class=\"fw-md\">1164473<\/span><\/p>\n<p>Sito web: <span class=\"fw-md\"><a href=\"https:\/\/justgiving.com\/campaign\/uniqueimelda\" target=\"_blank\" rel=\"noopener nofollow\">justgiving.com\/campagna\/uniqueimelda<\/a><\/span><\/p>\n<p>Ti presentiamo Imelda (Ime), 6 anni, originaria di Braintree, nell&#8217;Essex.<\/p>\n<p>Nella sua breve vita ha avuto innumerevoli visite e ricoveri in ospedale. \u00c8 nata con un raro disturbo cromosomico. Come puoi vedere da questa splendida immagine sorridente, Ime \u00e8 una combattente e non si lascer\u00e0 battere, qualunque cosa le venga lanciata contro \ud83d\udc93.<\/p>\n<p>Just4Children, la sua famiglia e i suoi amici stanno raccogliendo fondi per offrire a Ime i trattamenti e le terapie specialistiche di cui ha bisogno.<\/p>\n<p>Contatta la sua mamma Rachel al numero <a class=\"no-underline fw-md\" href=\"tel:07941137175\">07941 137175<\/a> o all&#8217;indirizzo e-mail: <a class=\"no-underline fw-md\" href=\"mailto:rachelhub14@aol.com\">rachelhub14@aol.com<\/a><\/p>\n\t\t\t<\/div>\n\t\n\t<div id=\"gap-1378623390\" class=\"gap-element clearfix\" style=\"display:block; height:auto;\">\n\t\t\n<style>\n#gap-1378623390 {\n  padding-top: 20px;\n}\n@media (min-width:850px) {\n  #gap-1378623390 {\n    padding-top: 30px;\n  }\n}\n<\/style>\n\t<\/div>\n\t\n\n\n\t\t<\/div>\n\t\t\t\t\n<style>\n#col-870777028 > .col-inner {\n  margin: 0px 0px -60px 0px;\n}\n<\/style>\n\t<\/div>\n\n\t\n\n\t<div id=\"col-788924784\" class=\"col br--10 medium-12 small-12 large-7 medium-col-first\"  data-animate=\"fadeInRight\">\n\t\t\t\t<div class=\"col-inner\"  >\n\t\t\t\n\t\t\t\n\n\n  <div class=\"banner has-hover br--10\" id=\"banner-421849428\">\n          <div class=\"banner-inner fill\">\n        <div class=\"banner-bg fill\" >\n            <img loading=\"lazy\" decoding=\"async\" width=\"1392\" height=\"900\" src=\"https:\/\/www.secure-itad.com\/wp-content\/uploads\/2024\/03\/Charity-work-A.jpg\" class=\"bg attachment-1536x1536 size-1536x1536\" alt=\"Charity-work-A\" \/>                                    \n                    <\/div>\n\t\t\n        <div class=\"banner-layers container\">\n            <div class=\"fill banner-link\"><\/div>            \n\n   <div id=\"text-box-490235225\" class=\"text-box banner-layer x50 md-x50 lg-x50 y50 md-y50 lg-y50 res-text\">\n                                <div class=\"text-box-content text dark\">\n              \n              <div class=\"text-inner text-center\">\n                  \n\n\n              <\/div>\n           <\/div>\n                            \n<style>\n#text-box-490235225 {\n  width: 60%;\n}\n#text-box-490235225 .text-box-content {\n  font-size: 100%;\n}\n@media (min-width:550px) {\n  #text-box-490235225 {\n    width: 60%;\n  }\n}\n<\/style>\n    <\/div>\n \n\n        <\/div>\n      <\/div>\n\n            \n<style>\n#banner-421849428 {\n  padding-top: 56.25%;\n  background-color: rgba(255, 255, 255, 0);\n}\n#banner-421849428 .banner-bg img {\n  object-position: 52% 57%;\n}\n@media (min-width:850px) {\n  #banner-421849428 {\n    padding-top: 450px;\n  }\n}\n<\/style>\n  <\/div>\n\n\n\n\t\t<\/div>\n\t\t\t\t\t<\/div>\n\n\t\n\n<\/div>\n\n\t\t<\/div>\n\n\t\t\n<style>\n#section_701643908 {\n  padding-top: 50px;\n  padding-bottom: 50px;\n}\n@media (min-width:850px) {\n  #section_701643908 {\n    padding-top: 80px;\n    padding-bottom: 80px;\n  }\n}\n<\/style>\n\t<\/section>\n\t\n\n\t<section class=\"section\" id=\"section_1052263510\">\n\t\t<div class=\"section-bg fill\" >\n\t\t\t\t\t\t\t\t\t\n\t\t\t\n\n\t\t<\/div>\n\n\t\t\n\n\t\t<div class=\"section-content relative\">\n\t\t\t\n\n<div class=\"row align-middle\"  id=\"row-1966460565\">\n\n\n\t<div id=\"col-209331158\" class=\"col br--10 medium-12 small-12 large-7\"  data-animate=\"fadeInLeft\">\n\t\t\t\t<div class=\"col-inner\"  >\n\t\t\t\n\t\t\t\n\n\n  <div class=\"banner has-hover br--10\" id=\"banner-634430980\">\n          <div class=\"banner-inner fill\">\n        <div class=\"banner-bg fill\" >\n            <img loading=\"lazy\" decoding=\"async\" width=\"1392\" height=\"900\" src=\"https:\/\/www.secure-itad.com\/wp-content\/uploads\/2024\/03\/Charity-work-B.jpg\" class=\"bg attachment-1536x1536 size-1536x1536\" alt=\"Charity-work-B\" \/>                                    \n                    <\/div>\n\t\t\n        <div class=\"banner-layers container\">\n            <div class=\"fill banner-link\"><\/div>            \n\n   <div id=\"text-box-564373206\" class=\"text-box banner-layer x50 md-x50 lg-x50 y50 md-y50 lg-y50 res-text\">\n                                <div class=\"text-box-content text dark\">\n              \n              <div class=\"text-inner text-center\">\n                  \n\n\n              <\/div>\n           <\/div>\n                            \n<style>\n#text-box-564373206 {\n  width: 60%;\n}\n#text-box-564373206 .text-box-content {\n  font-size: 100%;\n}\n@media (min-width:550px) {\n  #text-box-564373206 {\n    width: 60%;\n  }\n}\n<\/style>\n    <\/div>\n \n\n        <\/div>\n      <\/div>\n\n            \n<style>\n#banner-634430980 {\n  padding-top: 56.25%;\n  background-color: rgba(255, 255, 255, 0);\n}\n#banner-634430980 .banner-bg img {\n  object-position: 50% 49%;\n}\n@media (min-width:850px) {\n  #banner-634430980 {\n    padding-top: 450px;\n  }\n}\n<\/style>\n  <\/div>\n\n\n\n\t\t<\/div>\n\t\t\t\t\t<\/div>\n\n\t\n\n\t<div id=\"col-1928022560\" class=\"col medium-12 small-12 large-5\"  data-animate=\"blurIn\">\n\t\t\t\t<div class=\"col-inner\"  >\n\t\t\t\n\t\t\t\n\n\t<div id=\"text-1104584060\" class=\"text bullet-tick\">\n\t\t\n\n<h3 class=\"fs-m fw-lt mb--30\">UK Aid &#8211; Aiutare i bambini in Ucraina e Moldavia<\/h3>\n<p>Numero di registro di beneficenza: <span class=\"fw-md\">1099750<\/span><\/p>\n<p>Sito web: <a class=\"no-underline fw-md\" href=\"https:\/\/uk-aid.org\" target=\"_blank\" rel=\"noopener nofollow\">uk-aid.org<\/a><\/p>\n<p class=\"fw-md\">Contatta Alan al numero <a href=\"tel:+441371238941\" class=\"no-underline\">01371 238941<\/a> o <a href=\"tel:+447884426551\" class=\"no-underline\">07884 426551<\/a> \/ <a href=\"tel:+447979067268\" class=\"no-underline\">07979 067268<\/a><\/p>\n<p>Email: <a href=\"mailto:felstedaid@hotmail.com\" class=\"no-underline fw-md\">felstedaid@hotmail.com<\/a><\/p>\n\t\t\t<\/div>\n\t\n\n\t\t<\/div>\n\t\t\t\t\n<style>\n#col-1928022560 > .col-inner {\n  margin: 0px 0px -60px 0px;\n}\n<\/style>\n\t<\/div>\n\n\t\n\n<\/div>\n\n\t\t<\/div>\n\n\t\t\n<style>\n#section_1052263510 {\n  padding-top: 50px;\n  padding-bottom: 50px;\n}\n<\/style>\n\t<\/section>\n\t\n\n\n\n<p><\/p>\n","protected":false},"excerpt":{"rendered":"","protected":false},"author":1,"featured_media":0,"parent":0,"menu_order":0,"comment_status":"closed","ping_status":"closed","template":"","meta":{"footnotes":""},"class_list":["post-1918","page","type-page","status-publish","hentry"],"_links":{"self":[{"href":"https:\/\/www.secure-itad.com\/it\/wp-json\/wp\/v2\/pages\/1918","targetHints":{"allow":["GET"]}}],"collection":[{"href":"https:\/\/www.secure-itad.com\/it\/wp-json\/wp\/v2\/pages"}],"about":[{"href":"https:\/\/www.secure-itad.com\/it\/wp-json\/wp\/v2\/types\/page"}],"author":[{"embeddable":true,"href":"https:\/\/www.secure-itad.com\/it\/wp-json\/wp\/v2\/users\/1"}],"replies":[{"embeddable":true,"href":"https:\/\/www.secure-itad.com\/it\/wp-json\/wp\/v2\/comments?post=1918"}],"version-history":[{"count":15,"href":"https:\/\/www.secure-itad.com\/it\/wp-json\/wp\/v2\/pages\/1918\/revisions"}],"predecessor-version":[{"id":9581,"href":"https:\/\/www.secure-itad.com\/it\/wp-json\/wp\/v2\/pages\/1918\/revisions\/9581"}],"wp:attachment":[{"href":"https:\/\/www.secure-itad.com\/it\/wp-json\/wp\/v2\/media?parent=1918"}],"curies":[{"name":"wp","href":"https:\/\/api.w.org\/{rel}","templated":true}]}}